{"id":317,"date":"2026-03-27T14:21:21","date_gmt":"2026-03-27T13:21:21","guid":{"rendered":"https:\/\/alex-gerrard.com\/?page_id=317"},"modified":"2026-03-28T18:42:27","modified_gmt":"2026-03-28T17:42:27","slug":"agbs","status":"publish","type":"page","link":"https:\/\/alex-gerrard.com\/de\/agbs\/","title":{"rendered":"Terms &#038; conditions"},"content":{"rendered":"\t\t<div data-elementor-type=\"wp-page\" data-elementor-id=\"317\" class=\"elementor elementor-317 elementor-8010\" data-elementor-post-type=\"page\">\n\t\t\t\t<div class=\"elementor-element elementor-element-6b99f8f8 e-flex e-con-boxed e-con e-parent\" data-id=\"6b99f8f8\" data-element_type=\"container\" data-e-type=\"container\" data-settings=\"{&quot;background_background&quot;:&quot;slideshow&quot;,&quot;background_slideshow_gallery&quot;:[{&quot;id&quot;:8069,&quot;url&quot;:&quot;https:\\\/\\\/alex-gerrard.com\\\/wp-content\\\/uploads\\\/2023\\\/04\\\/alexgerrard-destination-wedding-photography-international-muenchen-hochzeitstrends2023-002.jpg&quot;}],&quot;background_slideshow_slide_duration&quot;:5000,&quot;background_slideshow_slide_transition&quot;:&quot;fade&quot;,&quot;background_slideshow_transition_duration&quot;:500}\">\n\t\t\t\t\t<div class=\"e-con-inner\">\n\t\t\t\t\t<\/div>\n\t\t\t\t<\/div>\n\t\t<div class=\"elementor-element elementor-element-3a6794e e-flex e-con-boxed e-con e-parent\" data-id=\"3a6794e\" data-element_type=\"container\" data-e-type=\"container\">\n\t\t\t\t\t<div class=\"e-con-inner\">\n\t\t\t\t<div class=\"elementor-element elementor-element-6c0ee4f elementor-widget elementor-widget-heading\" data-id=\"6c0ee4f\" data-element_type=\"widget\" data-e-type=\"widget\" data-widget_type=\"heading.default\">\n\t\t\t\t<div class=\"elementor-widget-container\">\n\t\t\t\t\t<h1 class=\"elementor-heading-title elementor-size-default\">Allgemeine Gesch\u00e4ftsbedingungen (AGB)<\/h1>\t\t\t\t<\/div>\n\t\t\t\t<\/div>\n\t\t\t\t\t<\/div>\n\t\t\t\t<\/div>\n\t\t<div class=\"elementor-element elementor-element-1c4b1a2 e-flex e-con-boxed e-con e-parent\" data-id=\"1c4b1a2\" data-element_type=\"container\" data-e-type=\"container\">\n\t\t\t\t\t<div class=\"e-con-inner\">\n\t\t\t\t<div class=\"elementor-element elementor-element-7294eb6 elementor-widget elementor-widget-text-editor\" data-id=\"7294eb6\" data-element_type=\"widget\" data-e-type=\"widget\" data-widget_type=\"text-editor.default\">\n\t\t\t\t<div class=\"elementor-widget-container\">\n\t\t\t\t\t\t\t\t\t<h3 data-section-id=\"19k2yf2\" data-start=\"213\" data-end=\"237\">1. Geltungsbereich<\/h3><p data-start=\"238\" data-end=\"351\">Diese Allgemeinen Gesch\u00e4ftsbedingungen gelten f\u00fcr alle Foto- und Videografie-Dienstleistungen von Alex Gerrard.<\/p><h3 data-section-id=\"1e5zzx\" data-start=\"353\" data-end=\"379\">2. Buchung &amp; Vertrag<\/h3><p data-start=\"380\" data-end=\"493\">Eine Buchung wird verbindlich, sobald der Vertrag unterschrieben und die vereinbarte Anzahlung geleistet wurde.<\/p><h3 data-section-id=\"18rln9n\" data-start=\"495\" data-end=\"514\">3. Leistungen<\/h3><p data-start=\"515\" data-end=\"648\">Der Leistungsumfang wird individuell im Vertrag festgelegt.<br data-start=\"574\" data-end=\"577\" \/>\u00c4nderungen oder Zusatzleistungen m\u00fcssen schriftlich best\u00e4tigt werden.<\/p><h3 data-section-id=\"1ukco67\" data-start=\"650\" data-end=\"666\">4. Zahlung<\/h3><p data-start=\"667\" data-end=\"904\">Zur Sicherung der Buchung ist eine Anzahlung erforderlich.<br data-start=\"725\" data-end=\"728\" \/>Der Restbetrag ist nach der Hochzeit bzw. dem Shooting innerhalb der vereinbarten Frist zu begleichen.<br data-start=\"830\" data-end=\"833\" \/>Alle Preise verstehen sich inklusive der gesetzlichen Mehrwertsteuer.<\/p><h3 data-section-id=\"tni2ln\" data-start=\"906\" data-end=\"926\">5. Stornierung<\/h3><p data-start=\"927\" data-end=\"979\">Im Falle einer Stornierung durch den Auftraggeber:<\/p><ul data-start=\"980\" data-end=\"1094\"><li data-section-id=\"5uf032\" data-start=\"980\" data-end=\"1025\">Die Anzahlung ist nicht erstattungsf\u00e4hig.<\/li><li data-section-id=\"be7j4i\" data-start=\"1026\" data-end=\"1094\">Weitere Bedingungen richten sich nach dem individuellen Vertrag.<\/li><\/ul><h3 data-section-id=\"bkfh47\" data-start=\"1096\" data-end=\"1128\">6. Bearbeitung &amp; Lieferung<\/h3><p data-start=\"1129\" data-end=\"1352\">Die Auswahl und Bearbeitung der Bilder erfolgt im Stil der Fotografin.<br data-start=\"1199\" data-end=\"1202\" \/>Die fertigen Bilder werden in hoher Aufl\u00f6sung \u00fcber eine Online-Galerie geliefert.<br data-start=\"1283\" data-end=\"1286\" \/>Die Lieferzeit betr\u00e4gt in der Regel 2\u20134 Wochen (saisonabh\u00e4ngig).<\/p><h3 data-section-id=\"bdmgdk\" data-start=\"1354\" data-end=\"1377\">7. Nutzungsrechte<\/h3><p data-start=\"1378\" data-end=\"1645\">Die Bilder sind ausschlie\u00dflich f\u00fcr den pers\u00f6nlichen Gebrauch bestimmt.<br data-start=\"1448\" data-end=\"1451\" \/>Kommerzielle Nutzung bedarf der vorherigen schriftlichen Zustimmung.<br data-start=\"1519\" data-end=\"1522\" \/>Die Fotografin darf die Bilder f\u00fcr Portfolio, Website und Social Media verwenden, sofern nichts anderes vereinbart wurde.<\/p><h3 data-section-id=\"1n8aod3\" data-start=\"1647\" data-end=\"1663\">8. Haftung<\/h3><p data-start=\"1664\" data-end=\"1729\">Die Fotografin haftet nur f\u00fcr Vorsatz und grobe Fahrl\u00e4ssigkeit.<\/p><h3 data-section-id=\"1p5ml60\" data-start=\"1731\" data-end=\"1751\">9. Datenschutz<\/h3><p data-start=\"1752\" data-end=\"1931\">Personenbezogene Daten werden ausschlie\u00dflich zur Bearbeitung von Anfragen und zur Erf\u00fcllung des Vertrags genutzt.<br data-start=\"1865\" data-end=\"1868\" \/>Weitere Informationen finden Sie in der Datenschutzerkl\u00e4rung.<\/p>\t\t\t\t\t\t\t\t<\/div>\n\t\t\t\t<\/div>\n\t\t\t\t<div class=\"elementor-element elementor-element-506478f elementor-align-center elementor-widget elementor-widget-button\" data-id=\"506478f\" data-element_type=\"widget\" data-e-type=\"widget\" data-widget_type=\"button.default\">\n\t\t\t\t<div class=\"elementor-widget-container\">\n\t\t\t\t\t\t\t\t\t<div class=\"elementor-button-wrapper\">\n\t\t\t\t\t<a class=\"elementor-button elementor-button-link elementor-size-sm\" href=\"https:\/\/alex-gerrard.com\/\">\n\t\t\t\t\t\t<span class=\"elementor-button-content-wrapper\">\n\t\t\t\t\t\t\t\t\t<span class=\"elementor-button-text\">Zur\u00fcck zur Startseite<\/span>\n\t\t\t\t\t<\/span>\n\t\t\t\t\t<\/a>\n\t\t\t\t<\/div>\n\t\t\t\t\t\t\t\t<\/div>\n\t\t\t\t<\/div>\n\t\t\t\t\t<\/div>\n\t\t\t\t<\/div>\n\t\t\t\t<\/div>\n\t\t","protected":false},"excerpt":{"rendered":"<p>Allgemeine Gesch\u00e4ftsbedingungen (AGB) 1. Geltungsbereich Diese Allgemeinen Gesch\u00e4ftsbedingungen gelten f\u00fcr alle Foto- und Videografie-Dienstleistungen von Alex Gerrard. 2. Buchung &amp; Vertrag Eine Buchung wird verbindlich, sobald der Vertrag unterschrieben und die vereinbarte Anzahlung geleistet wurde. 3. Leistungen Der Leistungsumfang wird individuell im Vertrag festgelegt.\u00c4nderungen oder Zusatzleistungen m\u00fcssen schriftlich best\u00e4tigt werden. 4. Zahlung Zur Sicherung der [&hellip;]<\/p>\n","protected":false},"author":1,"featured_media":0,"parent":0,"menu_order":0,"comment_status":"closed","ping_status":"closed","template":"","meta":{"_seopress_robots_primary_cat":"","_seopress_titles_title":"AGB (Allgemeine Gesch\u00e4ftsbedingungen)","_seopress_titles_desc":"\u00dcbersicht der Allgemeinen Gesch\u00e4ftsbedingungen von Alex Gerrard Photography \u2013 wichtige Informationen zu Buchung, Leistungen und Nutzung der Fotodienste.","_seopress_robots_index":"","footnotes":""},"class_list":["post-317","page","type-page","status-publish","hentry"],"_links":{"self":[{"href":"https:\/\/alex-gerrard.com\/de\/wp-json\/wp\/v2\/pages\/317","targetHints":{"allow":["GET"]}}],"collection":[{"href":"https:\/\/alex-gerrard.com\/de\/wp-json\/wp\/v2\/pages"}],"about":[{"href":"https:\/\/alex-gerrard.com\/de\/wp-json\/wp\/v2\/types\/page"}],"author":[{"embeddable":true,"href":"https:\/\/alex-gerrard.com\/de\/wp-json\/wp\/v2\/users\/1"}],"replies":[{"embeddable":true,"href":"https:\/\/alex-gerrard.com\/de\/wp-json\/wp\/v2\/comments?post=317"}],"version-history":[{"count":10,"href":"https:\/\/alex-gerrard.com\/de\/wp-json\/wp\/v2\/pages\/317\/revisions"}],"predecessor-version":[{"id":8242,"href":"https:\/\/alex-gerrard.com\/de\/wp-json\/wp\/v2\/pages\/317\/revisions\/8242"}],"wp:attachment":[{"href":"https:\/\/alex-gerrard.com\/de\/wp-json\/wp\/v2\/media?parent=317"}],"curies":[{"name":"wp","href":"https:\/\/api.w.org\/{rel}","templated":true}]}}