{"id":451,"date":"2026-03-23T22:48:49","date_gmt":"2026-03-23T21:48:49","guid":{"rendered":"https:\/\/alex-gerrard.com\/?page_id=451"},"modified":"2026-03-28T18:30:20","modified_gmt":"2026-03-28T17:30:20","slug":"impressum","status":"publish","type":"page","link":"https:\/\/alex-gerrard.com\/de\/impressum\/","title":{"rendered":"Impressum"},"content":{"rendered":"\t\t<div data-elementor-type=\"wp-page\" data-elementor-id=\"451\" class=\"elementor elementor-451\" data-elementor-post-type=\"page\">\n\t\t\t\t<div class=\"elementor-element elementor-element-6b99f8f8 e-flex e-con-boxed e-con e-parent\" data-id=\"6b99f8f8\" data-element_type=\"container\" data-e-type=\"container\" data-settings=\"{&quot;background_background&quot;:&quot;slideshow&quot;,&quot;background_slideshow_gallery&quot;:[{&quot;id&quot;:3821,&quot;url&quot;:&quot;https:\\\/\\\/alex-gerrard.com\\\/wp-content\\\/uploads\\\/2022\\\/02\\\/Brautportrait-Fotoshooting-Muenchen_alex-gerrard-photography-11.jpg&quot;}],&quot;background_slideshow_slide_duration&quot;:5000,&quot;background_slideshow_slide_transition&quot;:&quot;fade&quot;,&quot;background_slideshow_transition_duration&quot;:500}\">\n\t\t\t\t\t<div class=\"e-con-inner\">\n\t\t\t\t\t<\/div>\n\t\t\t\t<\/div>\n\t\t<div class=\"elementor-element elementor-element-3a6794e e-flex e-con-boxed e-con e-parent\" data-id=\"3a6794e\" data-element_type=\"container\" data-e-type=\"container\">\n\t\t\t\t\t<div class=\"e-con-inner\">\n\t\t\t\t<div class=\"elementor-element elementor-element-6c0ee4f elementor-widget elementor-widget-heading\" data-id=\"6c0ee4f\" data-element_type=\"widget\" data-e-type=\"widget\" data-widget_type=\"heading.default\">\n\t\t\t\t<div class=\"elementor-widget-container\">\n\t\t\t\t\t<h1 class=\"elementor-heading-title elementor-size-default\">Impressum<\/h1>\t\t\t\t<\/div>\n\t\t\t\t<\/div>\n\t\t\t\t\t<\/div>\n\t\t\t\t<\/div>\n\t\t<div class=\"elementor-element elementor-element-cbb133f e-flex e-con-boxed e-con e-parent\" data-id=\"cbb133f\" data-element_type=\"container\" data-e-type=\"container\">\n\t\t\t\t\t<div class=\"e-con-inner\">\n\t\t\t\t<div class=\"elementor-element elementor-element-916bdc8 elementor-widget elementor-widget-heading\" data-id=\"916bdc8\" data-element_type=\"widget\" data-e-type=\"widget\" data-widget_type=\"heading.default\">\n\t\t\t\t<div class=\"elementor-widget-container\">\n\t\t\t\t\t<h3 class=\"elementor-heading-title elementor-size-default\">Angaben gem\u00e4\u00df \u00a7 5 TMG<\/h3>\t\t\t\t<\/div>\n\t\t\t\t<\/div>\n\t\t\t\t\t<\/div>\n\t\t\t\t<\/div>\n\t\t<div class=\"elementor-element elementor-element-181fd246 e-flex e-con-boxed e-con e-parent\" data-id=\"181fd246\" data-element_type=\"container\" data-e-type=\"container\">\n\t\t\t\t\t<div class=\"e-con-inner\">\n\t\t\t\t<div class=\"elementor-element elementor-element-62fa4876 elementor-widget elementor-widget-text-editor\" data-id=\"62fa4876\" data-element_type=\"widget\" data-e-type=\"widget\" data-widget_type=\"text-editor.default\">\n\t\t\t\t<div class=\"elementor-widget-container\">\n\t\t\t\t\t\t\t\t\t<p>Alex Gerrard<br \/>Alex Gerrard Photography<br \/>Fasanenweg 16<br \/>85276 Pfaffenhofen<\/p>\t\t\t\t\t\t\t\t<\/div>\n\t\t\t\t<\/div>\n\t\t\t\t\t<\/div>\n\t\t\t\t<\/div>\n\t\t<div class=\"elementor-element elementor-element-0e9a76d e-flex e-con-boxed e-con e-parent\" data-id=\"0e9a76d\" data-element_type=\"container\" data-e-type=\"container\">\n\t\t\t\t\t<div class=\"e-con-inner\">\n\t\t\t\t<div class=\"elementor-element elementor-element-da9be25 elementor-widget elementor-widget-heading\" data-id=\"da9be25\" data-element_type=\"widget\" data-e-type=\"widget\" data-widget_type=\"heading.default\">\n\t\t\t\t<div class=\"elementor-widget-container\">\n\t\t\t\t\t<h3 class=\"elementor-heading-title elementor-size-default\">Kontakt<\/h3>\t\t\t\t<\/div>\n\t\t\t\t<\/div>\n\t\t\t\t\t<\/div>\n\t\t\t\t<\/div>\n\t\t<div class=\"elementor-element elementor-element-26c4b60 e-flex e-con-boxed e-con e-parent\" data-id=\"26c4b60\" data-element_type=\"container\" data-e-type=\"container\">\n\t\t\t\t\t<div class=\"e-con-inner\">\n\t\t\t\t<div class=\"elementor-element elementor-element-0260652 elementor-widget elementor-widget-text-editor\" data-id=\"0260652\" data-element_type=\"widget\" data-e-type=\"widget\" data-widget_type=\"text-editor.default\">\n\t\t\t\t<div class=\"elementor-widget-container\">\n\t\t\t\t\t\t\t\t\t<p>Telefon: +49 176 216 912 60<br \/>E-Mail: <a href=\"&#x6d;&#97;&#105;l&#x74;&#x6f;&#58;a&#x6c;&#x65;&#120;&#64;&#x61;&#x6c;&#101;x&#x2d;&#x67;&#101;r&#x72;&#x61;&#114;d&#x2e;&#x63;&#111;&#109;\" target=\"_blank\" rel=\"noopener\">&#97;&#x6c;&#101;&#x78;&#64;&#x61;l&#x65;x&#x2d;g&#101;&#x72;&#114;&#x61;&#114;&#x64;&#46;&#x63;o&#x6d;<\/a><\/p>\t\t\t\t\t\t\t\t<\/div>\n\t\t\t\t<\/div>\n\t\t\t\t\t<\/div>\n\t\t\t\t<\/div>\n\t\t<div class=\"elementor-element elementor-element-1d95bf1 e-flex e-con-boxed e-con e-parent\" data-id=\"1d95bf1\" data-element_type=\"container\" data-e-type=\"container\">\n\t\t\t\t\t<div class=\"e-con-inner\">\n\t\t\t\t<div class=\"elementor-element elementor-element-8fed893 elementor-widget elementor-widget-heading\" data-id=\"8fed893\" data-element_type=\"widget\" data-e-type=\"widget\" data-widget_type=\"heading.default\">\n\t\t\t\t<div class=\"elementor-widget-container\">\n\t\t\t\t\t<h3 class=\"elementor-heading-title elementor-size-default\">Redaktionell verantwortlich<\/h3>\t\t\t\t<\/div>\n\t\t\t\t<\/div>\n\t\t\t\t\t<\/div>\n\t\t\t\t<\/div>\n\t\t<div class=\"elementor-element elementor-element-43a2f5f e-flex e-con-boxed e-con e-parent\" data-id=\"43a2f5f\" data-element_type=\"container\" data-e-type=\"container\">\n\t\t\t\t\t<div class=\"e-con-inner\">\n\t\t\t\t<div class=\"elementor-element elementor-element-0a7d667 elementor-widget elementor-widget-text-editor\" data-id=\"0a7d667\" data-element_type=\"widget\" data-e-type=\"widget\" data-widget_type=\"text-editor.default\">\n\t\t\t\t<div class=\"elementor-widget-container\">\n\t\t\t\t\t\t\t\t\t<p>Alex Gerrard<br \/>Fasanenweg 16<br \/>85276 Pfaffenhofen<\/p><p>Telefon: +49 176 216 912 60<br \/>E-Mail: <a href=\"&#x6d;&#x61;&#x69;&#x6c;&#x74;&#x6f;&#x3a;&#x61;&#x6c;&#x65;&#x78;&#x40;&#x61;&#x6c;&#101;&#120;&#45;&#103;&#101;&#114;&#114;&#97;&#114;&#100;&#46;com\" target=\"_blank\" rel=\"noopener\">&#97;&#x6c;&#x65;&#120;&#x40;&#x61;l&#x65;&#x78;-&#103;&#x65;r&#114;&#x61;r&#100;&#x2e;c&#111;&#x6d;<\/a><\/p>\t\t\t\t\t\t\t\t<\/div>\n\t\t\t\t<\/div>\n\t\t\t\t\t<\/div>\n\t\t\t\t<\/div>\n\t\t<div class=\"elementor-element elementor-element-b8de48a e-flex e-con-boxed e-con e-parent\" data-id=\"b8de48a\" data-element_type=\"container\" data-e-type=\"container\">\n\t\t\t\t\t<div class=\"e-con-inner\">\n\t\t\t\t<div class=\"elementor-element elementor-element-65afc04 elementor-widget elementor-widget-heading\" data-id=\"65afc04\" data-element_type=\"widget\" data-e-type=\"widget\" data-widget_type=\"heading.default\">\n\t\t\t\t<div class=\"elementor-widget-container\">\n\t\t\t\t\t<h3 class=\"elementor-heading-title elementor-size-default\">EU-Streitschlichtung<\/h3>\t\t\t\t<\/div>\n\t\t\t\t<\/div>\n\t\t\t\t\t<\/div>\n\t\t\t\t<\/div>\n\t\t<div class=\"elementor-element elementor-element-318a41e e-flex e-con-boxed e-con e-parent\" data-id=\"318a41e\" data-element_type=\"container\" data-e-type=\"container\">\n\t\t\t\t\t<div class=\"e-con-inner\">\n\t\t\t\t<div class=\"elementor-element elementor-element-4036cbd elementor-widget elementor-widget-text-editor\" data-id=\"4036cbd\" data-element_type=\"widget\" data-e-type=\"widget\" data-widget_type=\"text-editor.default\">\n\t\t\t\t<div class=\"elementor-widget-container\">\n\t\t\t\t\t\t\t\t\t<p>Die Europ\u00e4ische Kommission stellt eine Plattform zur Online-Streitbeilegung (OS) bereit: <a href=\"https:\/\/ec.europa.eu\/consumers\/odr\/\" target=\"_blank\" rel=\"noopener\">https:\/\/ec.europa.eu\/consumers\/odr\/<\/a>.<br \/>Unsere E-Mail-Adresse finden Sie oben im Impressum.<\/p>\t\t\t\t\t\t\t\t<\/div>\n\t\t\t\t<\/div>\n\t\t\t\t\t<\/div>\n\t\t\t\t<\/div>\n\t\t<div class=\"elementor-element elementor-element-597e9f7 e-flex e-con-boxed e-con e-parent\" data-id=\"597e9f7\" data-element_type=\"container\" data-e-type=\"container\">\n\t\t\t\t\t<div class=\"e-con-inner\">\n\t\t\t\t<div class=\"elementor-element elementor-element-665d6e1 elementor-widget elementor-widget-heading\" data-id=\"665d6e1\" data-element_type=\"widget\" data-e-type=\"widget\" data-widget_type=\"heading.default\">\n\t\t\t\t<div class=\"elementor-widget-container\">\n\t\t\t\t\t<h3 class=\"elementor-heading-title elementor-size-default\">Verbraucher\u00adstreit\u00adbeilegung\/Universal\u00adschlichtungs\u00adstelle<\/h3>\t\t\t\t<\/div>\n\t\t\t\t<\/div>\n\t\t\t\t\t<\/div>\n\t\t\t\t<\/div>\n\t\t<div class=\"elementor-element elementor-element-34d8f09 e-flex e-con-boxed e-con e-parent\" data-id=\"34d8f09\" data-element_type=\"container\" data-e-type=\"container\">\n\t\t\t\t\t<div class=\"e-con-inner\">\n\t\t\t\t<div class=\"elementor-element elementor-element-e1a7983 elementor-widget elementor-widget-text-editor\" data-id=\"e1a7983\" data-element_type=\"widget\" data-e-type=\"widget\" data-widget_type=\"text-editor.default\">\n\t\t\t\t<div class=\"elementor-widget-container\">\n\t\t\t\t\t\t\t\t\tWir sind nicht bereit oder verpflichtet, an Streitbeilegungsverfahren vor einer Verbraucherschlichtungsstelle teilzunehmen.\n\n\t\t\t\t\t\t\t\t<\/div>\n\t\t\t\t<\/div>\n\t\t\t\t\t<\/div>\n\t\t\t\t<\/div>\n\t\t<div class=\"elementor-element elementor-element-1c4b1a2 e-flex e-con-boxed e-con e-parent\" data-id=\"1c4b1a2\" data-element_type=\"container\" data-e-type=\"container\">\n\t\t\t\t\t<div class=\"e-con-inner\">\n\t\t\t\t<div class=\"elementor-element elementor-element-af13f38 elementor-align-center elementor-widget elementor-widget-button\" data-id=\"af13f38\" data-element_type=\"widget\" data-e-type=\"widget\" data-widget_type=\"button.default\">\n\t\t\t\t<div class=\"elementor-widget-container\">\n\t\t\t\t\t\t\t\t\t<div class=\"elementor-button-wrapper\">\n\t\t\t\t\t<a class=\"elementor-button elementor-button-link elementor-size-sm\" href=\"https:\/\/alex-gerrard.com\/\">\n\t\t\t\t\t\t<span class=\"elementor-button-content-wrapper\">\n\t\t\t\t\t\t\t\t\t<span class=\"elementor-button-text\">Zur\u00fcck zur Startseite<\/span>\n\t\t\t\t\t<\/span>\n\t\t\t\t\t<\/a>\n\t\t\t\t<\/div>\n\t\t\t\t\t\t\t\t<\/div>\n\t\t\t\t<\/div>\n\t\t\t\t\t<\/div>\n\t\t\t\t<\/div>\n\t\t\t\t<\/div>\n\t\t","protected":false},"excerpt":{"rendered":"<p>Impressum Angaben gem\u00e4\u00df \u00a7 5 TMG Alex Gerrard Alex Gerrard Photography Fasanenweg 16 85276 Pfaffenhofen Kontakt Telefon: +49 176 216 912 60 E-Mail: &#97;l&#101;x&#64;a&#x6c;e&#x78;-&#x67;e&#x72;r&#x61;r&#x64;&#46;&#x63;o&#x6d; Redaktionell verantwortlich Alex Gerrard Fasanenweg 16 85276 Pfaffenhofen Telefon: +49 176 216 912 60 E-Mail: &#x61;l&#x65;&#120;&#x40;&#97;&#x6c;&#x65;x&#x2d;&#103;&#x65;&#114;&#x72;&#97;r&#x64;&#46;&#x63;&#111;&#x6d; EU-Streitschlichtung Die Europ\u00e4ische Kommission stellt eine Plattform zur Online-Streitbeilegung (OS) bereit: https:\/\/ec.europa.eu\/consumers\/odr\/. Unsere E-Mail-Adresse finden [&hellip;]<\/p>\n","protected":false},"author":1,"featured_media":0,"parent":0,"menu_order":0,"comment_status":"closed","ping_status":"closed","template":"","meta":{"_seopress_robots_primary_cat":"","_seopress_titles_title":"Impressum von Hochzeitsfotografin Alex Gerrard - M\u00fcnchen und Destination Weddings","_seopress_titles_desc":"Impressum von Alex Gerrard - Hochzeitsfotografin f\u00fcr zeitlose Fotos in M\u00fcnchen, Mallorca und international","_seopress_robots_index":"","footnotes":""},"class_list":["post-451","page","type-page","status-publish","hentry"],"_links":{"self":[{"href":"https:\/\/alex-gerrard.com\/de\/wp-json\/wp\/v2\/pages\/451","targetHints":{"allow":["GET"]}}],"collection":[{"href":"https:\/\/alex-gerrard.com\/de\/wp-json\/wp\/v2\/pages"}],"about":[{"href":"https:\/\/alex-gerrard.com\/de\/wp-json\/wp\/v2\/types\/page"}],"author":[{"embeddable":true,"href":"https:\/\/alex-gerrard.com\/de\/wp-json\/wp\/v2\/users\/1"}],"replies":[{"embeddable":true,"href":"https:\/\/alex-gerrard.com\/de\/wp-json\/wp\/v2\/comments?post=451"}],"version-history":[{"count":10,"href":"https:\/\/alex-gerrard.com\/de\/wp-json\/wp\/v2\/pages\/451\/revisions"}],"predecessor-version":[{"id":7892,"href":"https:\/\/alex-gerrard.com\/de\/wp-json\/wp\/v2\/pages\/451\/revisions\/7892"}],"wp:attachment":[{"href":"https:\/\/alex-gerrard.com\/de\/wp-json\/wp\/v2\/media?parent=451"}],"curies":[{"name":"wp","href":"https:\/\/api.w.org\/{rel}","templated":true}]}}