{"id":547,"date":"2026-03-25T08:44:21","date_gmt":"2026-03-25T07:44:21","guid":{"rendered":"https:\/\/alex-gerrard.com\/?page_id=547"},"modified":"2026-03-28T17:28:21","modified_gmt":"2026-03-28T16:28:21","slug":"danke","status":"publish","type":"page","link":"https:\/\/alex-gerrard.com\/de\/danke\/","title":{"rendered":"Danke"},"content":{"rendered":"\t\t<div data-elementor-type=\"wp-page\" data-elementor-id=\"547\" class=\"elementor elementor-547 elementor-7916\" data-elementor-post-type=\"page\">\n\t\t\t\t<div class=\"elementor-element elementor-element-25f1389 e-con-full e-flex e-con e-parent\" data-id=\"25f1389\" data-element_type=\"container\" data-e-type=\"container\" data-settings=\"{&quot;background_background&quot;:&quot;classic&quot;}\">\n\t\t\t\t<\/div>\n\t\t<div class=\"elementor-element elementor-element-c7dd08d e-flex e-con-boxed e-con e-parent\" data-id=\"c7dd08d\" data-element_type=\"container\" data-e-type=\"container\">\n\t\t\t\t\t<div class=\"e-con-inner\">\n\t\t\t\t<div class=\"elementor-element elementor-element-b9ab301 elementor-widget elementor-widget-heading\" data-id=\"b9ab301\" data-element_type=\"widget\" data-e-type=\"widget\" data-widget_type=\"heading.default\">\n\t\t\t\t<div class=\"elementor-widget-container\">\n\t\t\t\t\t<h1 class=\"elementor-heading-title elementor-size-default\">Danke <\/h1>\t\t\t\t<\/div>\n\t\t\t\t<\/div>\n\t\t\t\t<div class=\"elementor-element elementor-element-42e611a elementor-widget elementor-widget-heading\" data-id=\"42e611a\" data-element_type=\"widget\" data-e-type=\"widget\" data-widget_type=\"heading.default\">\n\t\t\t\t<div class=\"elementor-widget-container\">\n\t\t\t\t\t<h2 class=\"elementor-heading-title elementor-size-default\">Vielen Dank f\u00fcr eure Anfrage!<\/h2>\t\t\t\t<\/div>\n\t\t\t\t<\/div>\n\t\t\t\t\t<\/div>\n\t\t\t\t<\/div>\n\t\t<div class=\"elementor-element elementor-element-5da6b61 e-flex e-con-boxed e-con e-parent\" data-id=\"5da6b61\" data-element_type=\"container\" data-e-type=\"container\">\n\t\t\t\t\t<div class=\"e-con-inner\">\n\t\t\t\t<div class=\"elementor-element elementor-element-7dd8a4e elementor-widget elementor-widget-text-editor\" data-id=\"7dd8a4e\" data-element_type=\"widget\" data-e-type=\"widget\" data-widget_type=\"text-editor.default\">\n\t\t\t\t<div class=\"elementor-widget-container\">\n\t\t\t\t\t\t\t\t\t<p>Ich melde mich so bald wie m\u00f6glich bei euch zur\u00fcck und freue mich schon darauf euch kennenzulernen. Eure Alex von alex gerrard photography<\/p>\t\t\t\t\t\t\t\t<\/div>\n\t\t\t\t<\/div>\n\t\t\t\t<div class=\"elementor-element elementor-element-d1daa00 elementor-align-center elementor-widget elementor-widget-button\" data-id=\"d1daa00\" data-element_type=\"widget\" data-e-type=\"widget\" data-widget_type=\"button.default\">\n\t\t\t\t<div class=\"elementor-widget-container\">\n\t\t\t\t\t\t\t\t\t<div class=\"elementor-button-wrapper\">\n\t\t\t\t\t<a class=\"elementor-button elementor-button-link elementor-size-sm\" href=\"https:\/\/alex-gerrard.com\/\">\n\t\t\t\t\t\t<span class=\"elementor-button-content-wrapper\">\n\t\t\t\t\t\t\t\t\t<span class=\"elementor-button-text\">Zur\u00fcck zur Startseite<\/span>\n\t\t\t\t\t<\/span>\n\t\t\t\t\t<\/a>\n\t\t\t\t<\/div>\n\t\t\t\t\t\t\t\t<\/div>\n\t\t\t\t<\/div>\n\t\t\t\t\t<\/div>\n\t\t\t\t<\/div>\n\t\t\t\t<\/div>\n\t\t","protected":false},"excerpt":{"rendered":"<p>Danke Vielen Dank f\u00fcr eure Anfrage! Ich melde mich so bald wie m\u00f6glich bei euch zur\u00fcck und freue mich schon darauf euch kennenzulernen. Eure Alex von alex gerrard photography Zur\u00fcck zur Startseite<\/p>\n","protected":false},"author":2,"featured_media":0,"parent":0,"menu_order":0,"comment_status":"closed","ping_status":"closed","template":"","meta":{"_seopress_robots_primary_cat":"","_seopress_titles_title":"Danke Seite - alex gerrard photography","_seopress_titles_desc":"Vielen Dank f\u00fcr Deine Nachricht. Ich melde mich so schnell wie m\u00f6glich bei Dir und freue mich schon jetzt darauf Dich bzw. euch kennenzulernen.","_seopress_robots_index":"","footnotes":""},"class_list":["post-547","page","type-page","status-publish","hentry"],"_links":{"self":[{"href":"https:\/\/alex-gerrard.com\/de\/wp-json\/wp\/v2\/pages\/547","targetHints":{"allow":["GET"]}}],"collection":[{"href":"https:\/\/alex-gerrard.com\/de\/wp-json\/wp\/v2\/pages"}],"about":[{"href":"https:\/\/alex-gerrard.com\/de\/wp-json\/wp\/v2\/types\/page"}],"author":[{"embeddable":true,"href":"https:\/\/alex-gerrard.com\/de\/wp-json\/wp\/v2\/users\/2"}],"replies":[{"embeddable":true,"href":"https:\/\/alex-gerrard.com\/de\/wp-json\/wp\/v2\/comments?post=547"}],"version-history":[{"count":10,"href":"https:\/\/alex-gerrard.com\/de\/wp-json\/wp\/v2\/pages\/547\/revisions"}],"predecessor-version":[{"id":8118,"href":"https:\/\/alex-gerrard.com\/de\/wp-json\/wp\/v2\/pages\/547\/revisions\/8118"}],"wp:attachment":[{"href":"https:\/\/alex-gerrard.com\/de\/wp-json\/wp\/v2\/media?parent=547"}],"curies":[{"name":"wp","href":"https:\/\/api.w.org\/{rel}","templated":true}]}}