{"id":69,"date":"2026-03-27T14:52:33","date_gmt":"2026-03-27T13:52:33","guid":{"rendered":"https:\/\/alex-gerrard.com\/?page_id=69"},"modified":"2026-04-01T09:07:20","modified_gmt":"2026-04-01T07:07:20","slug":"reiseblog","status":"publish","type":"page","link":"https:\/\/alex-gerrard.com\/de\/reiseblog\/","title":{"rendered":"Travel"},"content":{"rendered":"\t\t<div data-elementor-type=\"wp-page\" data-elementor-id=\"69\" class=\"elementor elementor-69 elementor-8012\" data-elementor-post-type=\"page\">\n\t\t\t\t<div class=\"elementor-element elementor-element-6c6ed28 e-flex e-con-boxed e-con e-parent\" data-id=\"6c6ed28\" data-element_type=\"container\" data-e-type=\"container\" data-settings=\"{&quot;background_background&quot;:&quot;slideshow&quot;,&quot;background_slideshow_gallery&quot;:[{&quot;id&quot;:8085,&quot;url&quot;:&quot;https:\\\/\\\/alex-gerrard.com\\\/wp-content\\\/uploads\\\/2023\\\/05\\\/Header_Travel-Seychellen_0.jpeg&quot;},{&quot;id&quot;:8086,&quot;url&quot;:&quot;https:\\\/\\\/alex-gerrard.com\\\/wp-content\\\/uploads\\\/2023\\\/11\\\/Header_Zen-Villas.jpg&quot;},{&quot;id&quot;:8087,&quot;url&quot;:&quot;https:\\\/\\\/alex-gerrard.com\\\/wp-content\\\/uploads\\\/2023\\\/11\\\/Header_Travel_Philippinen.jpg&quot;},{&quot;id&quot;:8088,&quot;url&quot;:&quot;https:\\\/\\\/alex-gerrard.com\\\/wp-content\\\/uploads\\\/2023\\\/11\\\/Header_Boote_Philippinen.jpg&quot;},{&quot;id&quot;:8089,&quot;url&quot;:&quot;https:\\\/\\\/alex-gerrard.com\\\/wp-content\\\/uploads\\\/2023\\\/11\\\/Header_Palmen.jpg&quot;}],&quot;background_slideshow_loop&quot;:&quot;yes&quot;,&quot;background_slideshow_slide_duration&quot;:5000,&quot;background_slideshow_slide_transition&quot;:&quot;fade&quot;,&quot;background_slideshow_transition_duration&quot;:500}\">\n\t\t\t\t\t<div class=\"e-con-inner\">\n\t\t\t\t\t<\/div>\n\t\t\t\t<\/div>\n\t\t<div class=\"elementor-element elementor-element-a307d29 e-flex e-con-boxed e-con e-parent\" data-id=\"a307d29\" data-element_type=\"container\" data-e-type=\"container\">\n\t\t\t\t\t<div class=\"e-con-inner\">\n\t\t\t\t<div class=\"elementor-element elementor-element-fc6067e elementor-widget elementor-widget-heading\" data-id=\"fc6067e\" data-element_type=\"widget\" data-e-type=\"widget\" data-widget_type=\"heading.default\">\n\t\t\t\t<div class=\"elementor-widget-container\">\n\t\t\t\t\t<h1 class=\"elementor-heading-title elementor-size-default\">Inspirierende Reisegeschichten<\/h1>\t\t\t\t<\/div>\n\t\t\t\t<\/div>\n\t\t\t\t<div class=\"elementor-element elementor-element-9fce994 elementor-widget elementor-widget-text-editor\" data-id=\"9fce994\" data-element_type=\"widget\" data-e-type=\"widget\" data-widget_type=\"text-editor.default\">\n\t\t\t\t<div class=\"elementor-widget-container\">\n\t\t\t\t\t\t\t\t\t<p data-start=\"221\" data-end=\"431\">Reisen ist meine gr\u00f6\u00dfte Leidenschaft. Auf dieser Seite teile ich Fotos von meinen Abenteuern rund um die Welt \u2013 von dichten Regenw\u00e4ldern und majest\u00e4tischen Bergen bis hin zu unber\u00fchrten Str\u00e4nden.<\/p><p data-start=\"433\" data-end=\"583\">Schaut euch gerne um, lasst euch inspirieren und meldet euch, wenn ihr Fragen zu meinen Reisen habt oder eine Destination Wedding im Ausland plant.<\/p>\t\t\t\t\t\t\t\t<\/div>\n\t\t\t\t<\/div>\n\t\t\t\t\t<\/div>\n\t\t\t\t<\/div>\n\t\t<div class=\"elementor-element elementor-element-504790e e-flex e-con-boxed e-con e-parent\" data-id=\"504790e\" data-element_type=\"container\" data-e-type=\"container\">\n\t\t\t\t\t<div class=\"e-con-inner\">\n\t\t\t\t<div class=\"elementor-element elementor-element-1e2ef11 uael-equal__height-yes uael-posts-thumbnail-ratio uael-post__link-complete-yes elementor-widget elementor-widget-uael-posts\" data-id=\"1e2ef11\" data-element_type=\"widget\" data-e-type=\"widget\" data-settings=\"{&quot;classic_slides_to_show&quot;:3,&quot;classic_slides_to_show_tablet&quot;:2,&quot;classic_slides_to_show_mobile&quot;:1}\" data-widget_type=\"uael-posts.classic\">\n\t\t\t\t<div class=\"elementor-widget-container\">\n\t\t\t\t\t\t\t<div class=\"uael-post__header\">\n\t\t\t\t\t<\/div>\n\t\t<div class=\"uael-post__body\">\n\t\t\t\n\t\t\n\t\t<div class=\"uael-blog-terms-position- uael-post-image-top uael-post-grid uael-posts\" data-query-type=\"custom\" data-structure=\"normal\" data-layout=\"\" data-page=\"69\" data-skin=\"classic\" data-filter-default=\"\" data-offset-top=\"30\" >\n\n\t\t\t\t\t\t\t<div class=\"uael-post-grid__inner uael-post__columns-3 uael-post__columns-tablet-2 uael-post__columns-mobile-1 uael-post-infinite-scroll uael-post-infinite__event-scroll\">\n\t\t\t\n<div class=\"uael-post-wrapper   travel \">\n\t<div class=\"uael-post__bg-wrap uael-bg-wrap-disabled \">\n\n\t\t\t\t\t<a href=\"https:\/\/alex-gerrard.com\/de\/bukit-lawang-sumatra\/\" target=\"_self\" class=\"uael-post__complete-box-overlay\" aria-label=\"Link Komplettbox\"><\/a>\n\t\t\t\t\n\t\t<div class=\"uael-post__inner-wrap uael-inner-wrap-disabled\">\n\n\t\t\t\t<div class=\"uael-post__thumbnail\">\n\t\t\t\n\t\t\t<a href=\"https:\/\/alex-gerrard.com\/de\/bukit-lawang-sumatra\/\" target=\"_self\" title=\"Bukit Lawang\"><img fetchpriority=\"high\" decoding=\"async\" width=\"1536\" height=\"560\" src=\"https:\/\/alex-gerrard.com\/wp-content\/uploads\/2024\/03\/Header_Dschungel-1536x560.jpg\" class=\"attachment-1536x1536 size-1536x1536 wp-image-8071\" alt=\"\" srcset=\"https:\/\/alex-gerrard.com\/wp-content\/uploads\/2024\/03\/Header_Dschungel-1536x560.jpg 1536w, https:\/\/alex-gerrard.com\/wp-content\/uploads\/2024\/03\/Header_Dschungel-300x109.jpg 300w, https:\/\/alex-gerrard.com\/wp-content\/uploads\/2024\/03\/Header_Dschungel-1024x373.jpg 1024w, https:\/\/alex-gerrard.com\/wp-content\/uploads\/2024\/03\/Header_Dschungel-768x280.jpg 768w, https:\/\/alex-gerrard.com\/wp-content\/uploads\/2024\/03\/Header_Dschungel.jpg 1920w\" sizes=\"(max-width: 1536px) 100vw, 1536px\" \/><\/a>\n\t\t\t\t\t<\/div>\n\t\t\n\t\t\t\n\t\t\t<div class=\"uael-post__content-wrap uael-content-wrap-disabled\">\n\t\t\t\t\t<h3 class=\"uael-post__title\">\n\n\t\t\n\t\t\t\t\t\t<a href=\"https:\/\/alex-gerrard.com\/de\/bukit-lawang-sumatra\/\" target=\"_self\">\n\t\t\t\tBukit Lawang\t\t\t<\/a>\n\n\t\t\t\t<\/h3>\n\t\t\t\t\t<\/div>\n\t\t\t\n\t\t<\/div>\n\t\t\n\t<\/div>\n\n<\/div>\n\n<div class=\"uael-post-wrapper   travel \">\n\t<div class=\"uael-post__bg-wrap uael-bg-wrap-disabled \">\n\n\t\t\t\t\t<a href=\"https:\/\/alex-gerrard.com\/de\/volcano-sibayak\/\" target=\"_self\" class=\"uael-post__complete-box-overlay\" aria-label=\"Link Komplettbox\"><\/a>\n\t\t\t\t\n\t\t<div class=\"uael-post__inner-wrap uael-inner-wrap-disabled\">\n\n\t\t\t\t<div class=\"uael-post__thumbnail\">\n\t\t\t\n\t\t\t<a href=\"https:\/\/alex-gerrard.com\/de\/volcano-sibayak\/\" target=\"_self\" title=\"Volcano Sibayak\"><img decoding=\"async\" width=\"1536\" height=\"1121\" src=\"https:\/\/alex-gerrard.com\/wp-content\/uploads\/2024\/06\/Berastagi_Vulkan-Sibayak-16-1536x1121.jpg\" class=\"attachment-1536x1536 size-1536x1536 wp-image-8070\" alt=\"\" srcset=\"https:\/\/alex-gerrard.com\/wp-content\/uploads\/2024\/06\/Berastagi_Vulkan-Sibayak-16-1536x1121.jpg 1536w, https:\/\/alex-gerrard.com\/wp-content\/uploads\/2024\/06\/Berastagi_Vulkan-Sibayak-16-300x219.jpg 300w, https:\/\/alex-gerrard.com\/wp-content\/uploads\/2024\/06\/Berastagi_Vulkan-Sibayak-16-1024x747.jpg 1024w, https:\/\/alex-gerrard.com\/wp-content\/uploads\/2024\/06\/Berastagi_Vulkan-Sibayak-16-768x560.jpg 768w, https:\/\/alex-gerrard.com\/wp-content\/uploads\/2024\/06\/Berastagi_Vulkan-Sibayak-16.jpg 1920w\" sizes=\"(max-width: 1536px) 100vw, 1536px\" \/><\/a>\n\t\t\t\t\t<\/div>\n\t\t\n\t\t\t\n\t\t\t<div class=\"uael-post__content-wrap uael-content-wrap-disabled\">\n\t\t\t\t\t<h3 class=\"uael-post__title\">\n\n\t\t\n\t\t\t\t\t\t<a href=\"https:\/\/alex-gerrard.com\/de\/volcano-sibayak\/\" target=\"_self\">\n\t\t\t\tVolcano Sibayak\t\t\t<\/a>\n\n\t\t\t\t<\/h3>\n\t\t\t\t\t<\/div>\n\t\t\t\n\t\t<\/div>\n\t\t\n\t<\/div>\n\n<\/div>\n\n<div class=\"uael-post-wrapper   travel \">\n\t<div class=\"uael-post__bg-wrap uael-bg-wrap-disabled \">\n\n\t\t\t\t\t<a href=\"https:\/\/alex-gerrard.com\/de\/porto-portugal-impressionen-teil1\/\" target=\"_self\" class=\"uael-post__complete-box-overlay\" aria-label=\"Link Komplettbox\"><\/a>\n\t\t\t\t\n\t\t<div class=\"uael-post__inner-wrap uael-inner-wrap-disabled\">\n\n\t\t\t\t<div class=\"uael-post__thumbnail\">\n\t\t\t\n\t\t\t<a href=\"https:\/\/alex-gerrard.com\/de\/porto-portugal-impressionen-teil1\/\" target=\"_self\" title=\"Porto &#8211; Teil 1\"><img decoding=\"async\" width=\"1536\" height=\"560\" src=\"https:\/\/alex-gerrard.com\/wp-content\/uploads\/2023\/10\/Porto-Header-1536x560.jpg\" class=\"attachment-1536x1536 size-1536x1536 wp-image-8073\" alt=\"\" srcset=\"https:\/\/alex-gerrard.com\/wp-content\/uploads\/2023\/10\/Porto-Header-1536x560.jpg 1536w, https:\/\/alex-gerrard.com\/wp-content\/uploads\/2023\/10\/Porto-Header-300x109.jpg 300w, https:\/\/alex-gerrard.com\/wp-content\/uploads\/2023\/10\/Porto-Header-1024x373.jpg 1024w, https:\/\/alex-gerrard.com\/wp-content\/uploads\/2023\/10\/Porto-Header-768x280.jpg 768w, https:\/\/alex-gerrard.com\/wp-content\/uploads\/2023\/10\/Porto-Header.jpg 1920w\" sizes=\"(max-width: 1536px) 100vw, 1536px\" \/><\/a>\n\t\t\t\t\t<\/div>\n\t\t\n\t\t\t\n\t\t\t<div class=\"uael-post__content-wrap uael-content-wrap-disabled\">\n\t\t\t\t\t<h3 class=\"uael-post__title\">\n\n\t\t\n\t\t\t\t\t\t<a href=\"https:\/\/alex-gerrard.com\/de\/porto-portugal-impressionen-teil1\/\" target=\"_self\">\n\t\t\t\tPorto &#8211; Teil 1\t\t\t<\/a>\n\n\t\t\t\t<\/h3>\n\t\t\t\t\t<\/div>\n\t\t\t\n\t\t<\/div>\n\t\t\n\t<\/div>\n\n<\/div>\n\n<div class=\"uael-post-wrapper   travel \">\n\t<div class=\"uael-post__bg-wrap uael-bg-wrap-disabled \">\n\n\t\t\t\t\t<a href=\"https:\/\/alex-gerrard.com\/de\/porto-impressionen-teil2\/\" target=\"_self\" class=\"uael-post__complete-box-overlay\" aria-label=\"Link Komplettbox\"><\/a>\n\t\t\t\t\n\t\t<div class=\"uael-post__inner-wrap uael-inner-wrap-disabled\">\n\n\t\t\t\t<div class=\"uael-post__thumbnail\">\n\t\t\t\n\t\t\t<a href=\"https:\/\/alex-gerrard.com\/de\/porto-impressionen-teil2\/\" target=\"_self\" title=\"Porto &#8211; Teil 2\"><img loading=\"lazy\" decoding=\"async\" width=\"1536\" height=\"560\" src=\"https:\/\/alex-gerrard.com\/wp-content\/uploads\/2023\/10\/Header_Travelblog_Porto-1536x560.jpg\" class=\"attachment-1536x1536 size-1536x1536 wp-image-8072\" alt=\"\" srcset=\"https:\/\/alex-gerrard.com\/wp-content\/uploads\/2023\/10\/Header_Travelblog_Porto-1536x560.jpg 1536w, https:\/\/alex-gerrard.com\/wp-content\/uploads\/2023\/10\/Header_Travelblog_Porto-300x109.jpg 300w, https:\/\/alex-gerrard.com\/wp-content\/uploads\/2023\/10\/Header_Travelblog_Porto-1024x373.jpg 1024w, https:\/\/alex-gerrard.com\/wp-content\/uploads\/2023\/10\/Header_Travelblog_Porto-768x280.jpg 768w, https:\/\/alex-gerrard.com\/wp-content\/uploads\/2023\/10\/Header_Travelblog_Porto.jpg 1920w\" sizes=\"(max-width: 1536px) 100vw, 1536px\" \/><\/a>\n\t\t\t\t\t<\/div>\n\t\t\n\t\t\t\n\t\t\t<div class=\"uael-post__content-wrap uael-content-wrap-disabled\">\n\t\t\t\t\t<h3 class=\"uael-post__title\">\n\n\t\t\n\t\t\t\t\t\t<a href=\"https:\/\/alex-gerrard.com\/de\/porto-impressionen-teil2\/\" target=\"_self\">\n\t\t\t\tPorto &#8211; Teil 2\t\t\t<\/a>\n\n\t\t\t\t<\/h3>\n\t\t\t\t\t<\/div>\n\t\t\t\n\t\t<\/div>\n\t\t\n\t<\/div>\n\n<\/div>\n\n<div class=\"uael-post-wrapper   travel \">\n\t<div class=\"uael-post__bg-wrap uael-bg-wrap-disabled \">\n\n\t\t\t\t\t<a href=\"https:\/\/alex-gerrard.com\/de\/philippinen-coron\/\" target=\"_self\" class=\"uael-post__complete-box-overlay\" aria-label=\"Link Komplettbox\"><\/a>\n\t\t\t\t\n\t\t<div class=\"uael-post__inner-wrap uael-inner-wrap-disabled\">\n\n\t\t\t\t<div class=\"uael-post__thumbnail\">\n\t\t\t\n\t\t\t<a href=\"https:\/\/alex-gerrard.com\/de\/philippinen-coron\/\" target=\"_self\" title=\"Manila &#8211; Coron &#8211; El Nido\"><img loading=\"lazy\" decoding=\"async\" width=\"1024\" height=\"1536\" src=\"https:\/\/alex-gerrard.com\/wp-content\/uploads\/2023\/05\/Manila-Philippinen-1024x1536.jpg\" class=\"attachment-1536x1536 size-1536x1536 wp-image-8076\" alt=\"\" srcset=\"https:\/\/alex-gerrard.com\/wp-content\/uploads\/2023\/05\/Manila-Philippinen-1024x1536.jpg 1024w, https:\/\/alex-gerrard.com\/wp-content\/uploads\/2023\/05\/Manila-Philippinen-200x300.jpg 200w, https:\/\/alex-gerrard.com\/wp-content\/uploads\/2023\/05\/Manila-Philippinen-683x1024.jpg 683w, https:\/\/alex-gerrard.com\/wp-content\/uploads\/2023\/05\/Manila-Philippinen-768x1152.jpg 768w, https:\/\/alex-gerrard.com\/wp-content\/uploads\/2023\/05\/Manila-Philippinen.jpg 1280w\" sizes=\"(max-width: 1024px) 100vw, 1024px\" \/><\/a>\n\t\t\t\t\t<\/div>\n\t\t\n\t\t\t\n\t\t\t<div class=\"uael-post__content-wrap uael-content-wrap-disabled\">\n\t\t\t\t\t<h3 class=\"uael-post__title\">\n\n\t\t\n\t\t\t\t\t\t<a href=\"https:\/\/alex-gerrard.com\/de\/philippinen-coron\/\" target=\"_self\">\n\t\t\t\tManila &#8211; Coron &#8211; El Nido\t\t\t<\/a>\n\n\t\t\t\t<\/h3>\n\t\t\t\t\t<\/div>\n\t\t\t\n\t\t<\/div>\n\t\t\n\t<\/div>\n\n<\/div>\n\n<div class=\"uael-post-wrapper   travel \">\n\t<div class=\"uael-post__bg-wrap uael-bg-wrap-disabled \">\n\n\t\t\t\t\t<a href=\"https:\/\/alex-gerrard.com\/de\/moalboal-philippinen\/\" target=\"_self\" class=\"uael-post__complete-box-overlay\" aria-label=\"Link Komplettbox\"><\/a>\n\t\t\t\t\n\t\t<div class=\"uael-post__inner-wrap uael-inner-wrap-disabled\">\n\n\t\t\t\t<div class=\"uael-post__thumbnail\">\n\t\t\t\n\t\t\t<a href=\"https:\/\/alex-gerrard.com\/de\/moalboal-philippinen\/\" target=\"_self\" title=\"Cebu &#8211; Moalboal\"><img loading=\"lazy\" decoding=\"async\" width=\"1536\" height=\"1024\" src=\"https:\/\/alex-gerrard.com\/wp-content\/uploads\/2023\/11\/Philippen_Manila_Coron_El-Nido-27-1536x1024.jpg\" class=\"attachment-1536x1536 size-1536x1536 wp-image-8075\" alt=\"\" srcset=\"https:\/\/alex-gerrard.com\/wp-content\/uploads\/2023\/11\/Philippen_Manila_Coron_El-Nido-27-1536x1024.jpg 1536w, https:\/\/alex-gerrard.com\/wp-content\/uploads\/2023\/11\/Philippen_Manila_Coron_El-Nido-27-300x200.jpg 300w, https:\/\/alex-gerrard.com\/wp-content\/uploads\/2023\/11\/Philippen_Manila_Coron_El-Nido-27-1024x683.jpg 1024w, https:\/\/alex-gerrard.com\/wp-content\/uploads\/2023\/11\/Philippen_Manila_Coron_El-Nido-27-768x512.jpg 768w, https:\/\/alex-gerrard.com\/wp-content\/uploads\/2023\/11\/Philippen_Manila_Coron_El-Nido-27.jpg 1920w\" sizes=\"(max-width: 1536px) 100vw, 1536px\" \/><\/a>\n\t\t\t\t\t<\/div>\n\t\t\n\t\t\t\n\t\t\t<div class=\"uael-post__content-wrap uael-content-wrap-disabled\">\n\t\t\t\t\t<h3 class=\"uael-post__title\">\n\n\t\t\n\t\t\t\t\t\t<a href=\"https:\/\/alex-gerrard.com\/de\/moalboal-philippinen\/\" target=\"_self\">\n\t\t\t\tCebu &#8211; Moalboal\t\t\t<\/a>\n\n\t\t\t\t<\/h3>\n\t\t\t\t\t<\/div>\n\t\t\t\n\t\t<\/div>\n\t\t\n\t<\/div>\n\n<\/div>\n\t\t\t\t<\/div>\n\t\t\t\t\t\t<div class=\"uael-post-inf-loader\">\n\t\t\t\t<div class=\"uael-post-loader-1\"><\/div>\n\t\t\t\t<div class=\"uael-post-loader-2\"><\/div>\n\t\t\t\t<div class=\"uael-post-loader-3\"><\/div>\n\t\t\t<\/div>\n\t\t\t\t\t\t\n\t\t<\/div>\n\n\t\t\t\t\t\t<\/div>\n\t\t<div class=\"uael-post__footer\">\n\t\t\t\t\t\t<nav class=\"uael-grid-pagination\" style=\"display:none;\" role=\"navigation\" aria-label=\"Paginierung\" data-total=\"3\" data-next-page=\"2\">\n\t\t\t\t\t\t\t<\/nav>\n\t\t\t\t\t<\/div>\n\t\t\t\t\t\t<\/div>\n\t\t\t\t<\/div>\n\t\t\t\t\t<\/div>\n\t\t\t\t<\/div>\n\t\t<div class=\"elementor-element elementor-element-2a2a4ff0 e-flex e-con-boxed e-con e-parent\" data-id=\"2a2a4ff0\" data-element_type=\"container\" data-e-type=\"container\">\n\t\t\t\t\t<div class=\"e-con-inner\">\n\t\t\t\t<div class=\"elementor-element elementor-element-32cdbb67 elementor-widget elementor-widget-heading\" data-id=\"32cdbb67\" data-element_type=\"widget\" data-e-type=\"widget\" data-widget_type=\"heading.default\">\n\t\t\t\t<div class=\"elementor-widget-container\">\n\t\t\t\t\t<h2 class=\"elementor-heading-title elementor-size-default\">\u201cThe most important thing is to enjoy your life\u2014to be happy\u2014it's all that matters.\u201d<\/h2>\t\t\t\t<\/div>\n\t\t\t\t<\/div>\n\t\t\t\t<div class=\"elementor-element elementor-element-1a06fd74 elementor-widget elementor-widget-heading\" data-id=\"1a06fd74\" data-element_type=\"widget\" data-e-type=\"widget\" data-widget_type=\"heading.default\">\n\t\t\t\t<div class=\"elementor-widget-container\">\n\t\t\t\t\t<h2 class=\"elementor-heading-title elementor-size-default\">\u2013 Audrey Hepburn<\/h2>\t\t\t\t<\/div>\n\t\t\t\t<\/div>\n\t\t\t\t\t<\/div>\n\t\t\t\t<\/div>\n\t\t\t\t<\/div>\n\t\t","protected":false},"excerpt":{"rendered":"<p>Inspirierende Reisegeschichten Reisen ist meine gr\u00f6\u00dfte Leidenschaft. Auf dieser Seite teile ich Fotos von meinen Abenteuern rund um die Welt \u2013 von dichten Regenw\u00e4ldern und majest\u00e4tischen Bergen bis hin zu unber\u00fchrten Str\u00e4nden. Schaut euch gerne um, lasst euch inspirieren und meldet euch, wenn ihr Fragen zu meinen Reisen habt oder eine Destination Wedding im Ausland [&hellip;]<\/p>\n","protected":false},"author":1,"featured_media":0,"parent":0,"menu_order":0,"comment_status":"closed","ping_status":"closed","template":"elementor_theme","meta":{"_seopress_robots_primary_cat":"","_seopress_titles_title":"Reise & Abenteuer Fotografie | Reiseblog Alex Gerrard","_seopress_titles_desc":"Entdecke die Welt durch meine Linse \u2013 beeindruckende Landschaften, aufregende Abenteuer und inspirierende Reisegeschichten","_seopress_robots_index":"","footnotes":""},"class_list":["post-69","page","type-page","status-publish","hentry"],"_links":{"self":[{"href":"https:\/\/alex-gerrard.com\/de\/wp-json\/wp\/v2\/pages\/69","targetHints":{"allow":["GET"]}}],"collection":[{"href":"https:\/\/alex-gerrard.com\/de\/wp-json\/wp\/v2\/pages"}],"about":[{"href":"https:\/\/alex-gerrard.com\/de\/wp-json\/wp\/v2\/types\/page"}],"author":[{"embeddable":true,"href":"https:\/\/alex-gerrard.com\/de\/wp-json\/wp\/v2\/users\/1"}],"replies":[{"embeddable":true,"href":"https:\/\/alex-gerrard.com\/de\/wp-json\/wp\/v2\/comments?post=69"}],"version-history":[{"count":10,"href":"https:\/\/alex-gerrard.com\/de\/wp-json\/wp\/v2\/pages\/69\/revisions"}],"predecessor-version":[{"id":8928,"href":"https:\/\/alex-gerrard.com\/de\/wp-json\/wp\/v2\/pages\/69\/revisions\/8928"}],"wp:attachment":[{"href":"https:\/\/alex-gerrard.com\/de\/wp-json\/wp\/v2\/media?parent=69"}],"curies":[{"name":"wp","href":"https:\/\/api.w.org\/{rel}","templated":true}]}}