{"id":7896,"date":"2026-03-28T18:20:30","date_gmt":"2026-03-28T17:20:30","guid":{"rendered":"https:\/\/alex-gerrard.com\/?page_id=7896"},"modified":"2026-03-28T18:26:53","modified_gmt":"2026-03-28T17:26:53","slug":"kontakt","status":"publish","type":"page","link":"https:\/\/alex-gerrard.com\/de\/kontakt\/","title":{"rendered":"Contact"},"content":{"rendered":"\t\t<div data-elementor-type=\"wp-page\" data-elementor-id=\"7896\" class=\"elementor elementor-7896\" data-elementor-post-type=\"page\">\n\t\t\t\t<div class=\"elementor-element elementor-element-644054f9 e-con-full e-flex e-con e-parent\" data-id=\"644054f9\" data-element_type=\"container\" data-e-type=\"container\" data-settings=\"{&quot;background_background&quot;:&quot;video&quot;,&quot;background_video_link&quot;:&quot;https:\\\/\\\/alex-gerrard.com\\\/wp-content\\\/uploads\\\/2023\\\/08\\\/Love_Haende.mp4&quot;}\">\n\t\t<div class=\"elementor-background-video-container elementor-hidden-mobile\">\n\t\t\t\t\t\t\t<video class=\"elementor-background-video-hosted\" role=\"presentation\" autoplay muted playsinline loop><\/video>\n\t\t\t\t\t<\/div>\t\t<\/div>\n\t\t<div class=\"elementor-element elementor-element-c7dd08d e-flex e-con-boxed e-con e-parent\" data-id=\"c7dd08d\" data-element_type=\"container\" data-e-type=\"container\">\n\t\t\t\t\t<div class=\"e-con-inner\">\n\t\t\t\t<div class=\"elementor-element elementor-element-b9ab301 elementor-widget elementor-widget-heading\" data-id=\"b9ab301\" data-element_type=\"widget\" data-e-type=\"widget\" data-widget_type=\"heading.default\">\n\t\t\t\t<div class=\"elementor-widget-container\">\n\t\t\t\t\t<h1 class=\"elementor-heading-title elementor-size-default\">Ich freue mich so sehr, dass ihr hier seid, und kann es kaum erwarten, eure Geschichte zu h\u00f6ren!<\/h1>\t\t\t\t<\/div>\n\t\t\t\t<\/div>\n\t\t\t\t\t<\/div>\n\t\t\t\t<\/div>\n\t\t<div class=\"elementor-element elementor-element-5da6b61 e-flex e-con-boxed e-con e-parent\" data-id=\"5da6b61\" data-element_type=\"container\" data-e-type=\"container\">\n\t\t\t\t\t<div class=\"e-con-inner\">\n\t\t<div class=\"elementor-element elementor-element-f71d84f e-grid e-con-full e-con e-child\" data-id=\"f71d84f\" data-element_type=\"container\" data-e-type=\"container\">\n\t\t\t\t<div class=\"elementor-element elementor-element-7dd8a4e elementor-widget elementor-widget-text-editor\" data-id=\"7dd8a4e\" data-element_type=\"widget\" data-e-type=\"widget\" data-widget_type=\"text-editor.default\">\n\t\t\t\t<div class=\"elementor-widget-container\">\n\t\t\t\t\t\t\t\t\t<p class=\"p1\">Egal, ob ihr eine intime Mallorca- oder Toskana-Hochzeit, ein wildes Elopement auf Bali, eine urbane Feier in M\u00fcnchen oder ein entspanntes Shooting bei euch zu Hause plant \u2013 ich bin gespannt auf eure Pl\u00e4ne.<br data-start=\"379\" data-end=\"382\" \/>Je mehr ich \u00fcber euch und euren Tag wei\u00df, desto besser kann ich jeden Moment genau so einfangen, wie er sich anf\u00fchlt.<\/p>\t\t\t\t\t\t\t\t<\/div>\n\t\t\t\t<\/div>\n\t\t\t\t<div class=\"elementor-element elementor-element-87a1ebc elementor-widget elementor-widget-image\" data-id=\"87a1ebc\" data-element_type=\"widget\" data-e-type=\"widget\" data-widget_type=\"image.default\">\n\t\t\t\t<div class=\"elementor-widget-container\">\n\t\t\t\t\t\t\t\t\t\t\t\t\t\t\t<img fetchpriority=\"high\" decoding=\"async\" width=\"466\" height=\"468\" src=\"https:\/\/alex-gerrard.com\/wp-content\/uploads\/2025\/04\/alex-gerrard-photography_wedding-photographer.jpg\" class=\"attachment-medium_large size-medium_large wp-image-7391\" alt=\"\" srcset=\"https:\/\/alex-gerrard.com\/wp-content\/uploads\/2025\/04\/alex-gerrard-photography_wedding-photographer.jpg 466w, https:\/\/alex-gerrard.com\/wp-content\/uploads\/2025\/04\/alex-gerrard-photography_wedding-photographer-300x300.jpg 300w, https:\/\/alex-gerrard.com\/wp-content\/uploads\/2025\/04\/alex-gerrard-photography_wedding-photographer-150x150.jpg 150w\" sizes=\"(max-width: 466px) 100vw, 466px\" \/>\t\t\t\t\t\t\t\t\t\t\t\t\t\t\t<\/div>\n\t\t\t\t<\/div>\n\t\t\t\t<\/div>\n\t\t\t\t\t<\/div>\n\t\t\t\t<\/div>\n\t\t<div class=\"elementor-element elementor-element-375eecc0 e-flex e-con-boxed e-con e-parent\" data-id=\"375eecc0\" data-element_type=\"container\" data-e-type=\"container\" data-settings=\"{&quot;background_background&quot;:&quot;classic&quot;}\">\n\t\t\t\t\t<div class=\"e-con-inner\">\n\t\t<div class=\"elementor-element elementor-element-77601e7e e-con-full e-flex e-con e-child\" data-id=\"77601e7e\" data-element_type=\"container\" data-e-type=\"container\">\n\t\t\t\t<div class=\"elementor-element elementor-element-67ecf3e9 elementor-widget-tablet__width-inherit elementor-widget elementor-widget-heading\" data-id=\"67ecf3e9\" data-element_type=\"widget\" data-e-type=\"widget\" id=\"dmal\" data-widget_type=\"heading.default\">\n\t\t\t\t<div class=\"elementor-widget-container\">\n\t\t\t\t\t<h3 class=\"elementor-heading-title elementor-size-default\">Drop me a line<\/h3>\t\t\t\t<\/div>\n\t\t\t\t<\/div>\n\t\t\t\t<div class=\"elementor-element elementor-element-2c57c274 elementor-button-align-stretch elementor-widget elementor-widget-form\" data-id=\"2c57c274\" data-element_type=\"widget\" data-e-type=\"widget\" data-settings=\"{&quot;step_next_label&quot;:&quot;Next&quot;,&quot;step_previous_label&quot;:&quot;Previous&quot;,&quot;button_width&quot;:&quot;100&quot;,&quot;step_type&quot;:&quot;number_text&quot;,&quot;step_icon_shape&quot;:&quot;circle&quot;}\" data-widget_type=\"form.default\">\n\t\t\t\t<div class=\"elementor-widget-container\">\n\t\t\t\t\t\t\t<form class=\"elementor-form\" method=\"post\" name=\"Kontaktformular\" aria-label=\"Kontaktformular\">\n\t\t\t<input type=\"hidden\" name=\"post_id\" value=\"7896\"\/>\n\t\t\t<input type=\"hidden\" name=\"form_id\" value=\"2c57c274\"\/>\n\t\t\t<input type=\"hidden\" name=\"referer_title\" value=\"Contact\" \/>\n\n\t\t\t\t\t\t\t<input type=\"hidden\" name=\"queried_id\" value=\"7896\"\/>\n\t\t\t\n\t\t\t<div class=\"elementor-form-fields-wrapper elementor-labels-\">\n\t\t\t\t\t\t\t\t<div class=\"elementor-field-type-text elementor-field-group elementor-column elementor-field-group-name elementor-col-100 elementor-field-required\">\n\t\t\t\t\t\t\t\t\t\t\t\t<label for=\"form-field-name\" class=\"elementor-field-label elementor-screen-only\">\n\t\t\t\t\t\t\t\tName\t\t\t\t\t\t\t<\/label>\n\t\t\t\t\t\t\t\t\t\t\t\t\t\t<input size=\"1\" type=\"text\" name=\"form_fields[name]\" id=\"form-field-name\" class=\"elementor-field elementor-size-lg  elementor-field-textual\" placeholder=\"Dein Name\" required=\"required\">\n\t\t\t\t\t\t\t\t\t\t\t<\/div>\n\t\t\t\t\t\t\t\t<div class=\"elementor-field-type-email elementor-field-group elementor-column elementor-field-group-email elementor-col-50 elementor-md-100 elementor-field-required\">\n\t\t\t\t\t\t\t\t\t\t\t\t<label for=\"form-field-email\" class=\"elementor-field-label elementor-screen-only\">\n\t\t\t\t\t\t\t\tEmail\t\t\t\t\t\t\t<\/label>\n\t\t\t\t\t\t\t\t\t\t\t\t\t\t<input size=\"1\" type=\"email\" name=\"form_fields[email]\" id=\"form-field-email\" class=\"elementor-field elementor-size-lg  elementor-field-textual\" placeholder=\"Deine E-Mail Adresse\" required=\"required\">\n\t\t\t\t\t\t\t\t\t\t\t<\/div>\n\t\t\t\t\t\t\t\t<div class=\"elementor-field-type-tel elementor-field-group elementor-column elementor-field-group-field_a4923ea elementor-col-50 elementor-md-100 elementor-field-required\">\n\t\t\t\t\t\t\t\t\t\t\t\t<label for=\"form-field-field_a4923ea\" class=\"elementor-field-label elementor-screen-only\">\n\t\t\t\t\t\t\t\tPhone\t\t\t\t\t\t\t<\/label>\n\t\t\t\t\t\t\t\t<input size=\"1\" type=\"tel\" name=\"form_fields[field_a4923ea]\" id=\"form-field-field_a4923ea\" class=\"elementor-field elementor-size-lg  elementor-field-textual\" placeholder=\"Deine Telefonnummer\" required=\"required\" pattern=\"[0-9()#&amp;+*-=.]+\" title=\"Nur Nummern oder Telefon-Zeichen (#, -, *, etc) werden akzeptiert.\">\n\n\t\t\t\t\t\t<\/div>\n\t\t\t\t\t\t\t\t<div class=\"elementor-field-type-textarea elementor-field-group elementor-column elementor-field-group-message elementor-col-100\">\n\t\t\t\t\t\t\t\t\t\t\t\t<label for=\"form-field-message\" class=\"elementor-field-label elementor-screen-only\">\n\t\t\t\t\t\t\t\tNachricht\t\t\t\t\t\t\t<\/label>\n\t\t\t\t\t\t<textarea class=\"elementor-field-textual elementor-field  elementor-size-lg\" name=\"form_fields[message]\" id=\"form-field-message\" rows=\"10\" placeholder=\"Deine Nachricht\"><\/textarea>\t\t\t\t<\/div>\n\t\t\t\t\t\t\t\t<div class=\"elementor-field-type-text\">\n\t\t\t\t\t<input size=\"1\" type=\"text\" name=\"form_fields[field_eb022c1]\" id=\"form-field-field_eb022c1\" class=\"elementor-field elementor-size-lg \" style=\"display:none !important;\">\t\t\t\t<\/div>\n\t\t\t\t\t\t\t\t<div class=\"elementor-field-type-text\">\n\t\t\t\t\t<input size=\"1\" type=\"text\" name=\"form_fields[field_33753b3]\" id=\"form-field-field_33753b3\" class=\"elementor-field elementor-size-lg \" style=\"display:none !important;\">\t\t\t\t<\/div>\n\t\t\t\t\t\t\t\t<div class=\"elementor-field-type-text\">\n\t\t\t\t\t<input size=\"1\" type=\"text\" name=\"form_fields[field_e466b04]\" id=\"form-field-field_e466b04\" class=\"elementor-field elementor-size-lg \" style=\"display:none !important;\">\t\t\t\t<\/div>\n\t\t\t\t\t\t\t\t<div class=\"elementor-field-type-text\">\n\t\t\t\t\t<input size=\"1\" type=\"text\" name=\"form_fields[field_9b21851]\" id=\"form-field-field_9b21851\" class=\"elementor-field elementor-size-lg \" style=\"display:none !important;\">\t\t\t\t<\/div>\n\t\t\t\t\t\t\t\t<div class=\"elementor-field-type-text\">\n\t\t\t\t\t<input size=\"1\" type=\"text\" name=\"form_fields[field_4eada95]\" id=\"form-field-field_4eada95\" class=\"elementor-field elementor-size-lg \" style=\"display:none !important;\">\t\t\t\t<\/div>\n\t\t\t\t\t\t\t\t<div class=\"elementor-field-type-text\">\n\t\t\t\t\t<input size=\"1\" type=\"text\" name=\"form_fields[field_c690e0f]\" id=\"form-field-field_c690e0f\" class=\"elementor-field elementor-size-lg \" style=\"display:none !important;\">\t\t\t\t<\/div>\n\t\t\t\t\t\t\t\t<div class=\"elementor-field-type-html elementor-field-group elementor-column elementor-field-group-field_1755e92 elementor-col-100\">\n\t\t\t\t\t<br> \nHinweis zum Datenschutz: Ihre Daten werden ausschlie\u00dflich zur Beantwortung Ihrer Anfrage verwendet, dar\u00fcber hinaus werden die Daten nicht genutzt. Es gelten die Bestimmungen der\n<a href=\"https:\/\/alex-gerrard.com\/datenschutzerklaerung\/\" target=\"_blank\" >Datenschutzerkl&auml;rung<\/a>\nsowie der <a href=\"https:\/\/alex-gerrard.com\/terms-conditions\/\" target=\"_blank\" >terms & conditions<\/a>\n\t\t\t\t<\/div>\n\t\t\t\t\t\t\t\t<div class=\"elementor-field-type-number elementor-field-group elementor-column elementor-field-group-field_7cb37ea elementor-col-100 elementor-field-required\">\n\t\t\t\t\t\t\t\t<input type=\"number\" name=\"form_fields[field_7cb37ea]\" id=\"form-field-field_7cb37ea\" class=\"elementor-field elementor-size-lg  elementor-field-textual\" placeholder=\"Sicherheitsfrage: 1 + 2 = ?\" required=\"required\" min=\"2\" max=\"4\" >\n\t\t\t\t\t\t<\/div>\n\t\t\t\t\t\t\t\t<div class=\"elementor-field-group elementor-column elementor-field-type-submit elementor-col-100 e-form__buttons\">\n\t\t\t\t\t<button class=\"elementor-button elementor-size-md\" type=\"submit\">\n\t\t\t\t\t\t<span class=\"elementor-button-content-wrapper\">\n\t\t\t\t\t\t\t\t\t\t\t\t\t\t\t\t\t\t\t\t\t\t<span class=\"elementor-button-text\">Senden<\/span>\n\t\t\t\t\t\t\t\t\t\t\t\t\t<\/span>\n\t\t\t\t\t<\/button>\n\t\t\t\t<\/div>\n\t\t\t<\/div>\n\t\t<\/form>\n\t\t\t\t\t\t<\/div>\n\t\t\t\t<\/div>\n\t\t\t\t<\/div>\n\t\t\t\t\t<\/div>\n\t\t\t\t<\/div>\n\t\t<div class=\"elementor-element elementor-element-6b1a3c7d e-flex e-con-boxed e-con e-parent\" data-id=\"6b1a3c7d\" data-element_type=\"container\" data-e-type=\"container\" data-settings=\"{&quot;background_background&quot;:&quot;classic&quot;}\">\n\t\t\t\t\t<div class=\"e-con-inner\">\n\t\t<div class=\"elementor-element elementor-element-1c9c2d2 e-con-full e-flex e-con e-child\" data-id=\"1c9c2d2\" data-element_type=\"container\" data-e-type=\"container\">\n\t\t\t\t<div class=\"elementor-element elementor-element-28e02e7 elementor-widget elementor-widget-heading\" data-id=\"28e02e7\" data-element_type=\"widget\" data-e-type=\"widget\" data-widget_type=\"heading.default\">\n\t\t\t\t<div class=\"elementor-widget-container\">\n\t\t\t\t\t<h3 class=\"elementor-heading-title elementor-size-default\">Kontakt<\/h3>\t\t\t\t<\/div>\n\t\t\t\t<\/div>\n\t\t\t\t<div class=\"elementor-element elementor-element-e2482fd elementor-widget elementor-widget-text-editor\" data-id=\"e2482fd\" data-element_type=\"widget\" data-e-type=\"widget\" data-widget_type=\"text-editor.default\">\n\t\t\t\t<div class=\"elementor-widget-container\">\n\t\t\t\t\t\t\t\t\t<p>Alex Gerrard<br \/>Fasanenweg 16<br \/>85276 Pfaffenhofen<\/p><p>E-Mail: alex{at}alex-gerrard.com<br \/>Mobil: +49 176 216 912 60<\/p>\t\t\t\t\t\t\t\t<\/div>\n\t\t\t\t<\/div>\n\t\t\t\t<div class=\"elementor-element elementor-element-2afb9199 elementor-shape-circle e-grid-align-left elementor-grid-0 elementor-widget elementor-widget-social-icons\" data-id=\"2afb9199\" data-element_type=\"widget\" data-e-type=\"widget\" data-widget_type=\"social-icons.default\">\n\t\t\t\t<div class=\"elementor-widget-container\">\n\t\t\t\t\t\t\t<div class=\"elementor-social-icons-wrapper elementor-grid\" role=\"list\">\n\t\t\t\t\t\t\t<span class=\"elementor-grid-item\" role=\"listitem\">\n\t\t\t\t\t<a class=\"elementor-icon elementor-social-icon elementor-social-icon-instagram elementor-repeater-item-10caf9e\" href=\"https:\/\/www.instagram.com\/alexgerrardphotography\/\" target=\"_blank\">\n\t\t\t\t\t\t<span class=\"elementor-screen-only\">Instagram<\/span>\n\t\t\t\t\t\t<i aria-hidden=\"true\" class=\"fab fa-instagram\"><\/i>\t\t\t\t\t<\/a>\n\t\t\t\t<\/span>\n\t\t\t\t\t\t\t<span class=\"elementor-grid-item\" role=\"listitem\">\n\t\t\t\t\t<a class=\"elementor-icon elementor-social-icon elementor-social-icon-pinterest elementor-repeater-item-568aa64\" href=\"https:\/\/www.pinterest.de\/alexgerrardphotography\/love-of-wedding-photography\/\" target=\"_blank\">\n\t\t\t\t\t\t<span class=\"elementor-screen-only\">Pinterest<\/span>\n\t\t\t\t\t\t<i aria-hidden=\"true\" class=\"fab fa-pinterest\"><\/i>\t\t\t\t\t<\/a>\n\t\t\t\t<\/span>\n\t\t\t\t\t\t\t<span class=\"elementor-grid-item\" role=\"listitem\">\n\t\t\t\t\t<a class=\"elementor-icon elementor-social-icon elementor-social-icon-facebook elementor-repeater-item-fd75c2f\" href=\"https:\/\/www.facebook.com\/FotoGerrard\" target=\"_blank\">\n\t\t\t\t\t\t<span class=\"elementor-screen-only\">Facebook<\/span>\n\t\t\t\t\t\t<i aria-hidden=\"true\" class=\"fab fa-facebook\"><\/i>\t\t\t\t\t<\/a>\n\t\t\t\t<\/span>\n\t\t\t\t\t<\/div>\n\t\t\t\t\t\t<\/div>\n\t\t\t\t<\/div>\n\t\t\t\t<\/div>\n\t\t<div class=\"elementor-element elementor-element-769787a5 e-con-full e-flex e-con e-child\" data-id=\"769787a5\" data-element_type=\"container\" data-e-type=\"container\">\n\t\t\t\t<div class=\"elementor-element elementor-element-16613fbe elementor-widget elementor-widget-image\" data-id=\"16613fbe\" data-element_type=\"widget\" data-e-type=\"widget\" data-widget_type=\"image.default\">\n\t\t\t\t<div class=\"elementor-widget-container\">\n\t\t\t\t\t\t\t\t\t\t\t\t\t\t\t<img decoding=\"async\" width=\"737\" height=\"1024\" src=\"https:\/\/alex-gerrard.com\/wp-content\/uploads\/2024\/02\/Life-is-beautiful_me-737x1024.jpg\" class=\"attachment-large size-large wp-image-4036\" alt=\"Hochzeitsfotografin Alex Gerrard l\u00e4chelt in die Kamera\" srcset=\"https:\/\/alex-gerrard.com\/wp-content\/uploads\/2024\/02\/Life-is-beautiful_me-737x1024.jpg 737w, https:\/\/alex-gerrard.com\/wp-content\/uploads\/2024\/02\/Life-is-beautiful_me-216x300.jpg 216w, https:\/\/alex-gerrard.com\/wp-content\/uploads\/2024\/02\/Life-is-beautiful_me-768x1067.jpg 768w, https:\/\/alex-gerrard.com\/wp-content\/uploads\/2024\/02\/Life-is-beautiful_me.jpg 828w\" sizes=\"(max-width: 737px) 100vw, 737px\" \/>\t\t\t\t\t\t\t\t\t\t\t\t\t\t\t<\/div>\n\t\t\t\t<\/div>\n\t\t\t\t<\/div>\n\t\t\t\t\t<\/div>\n\t\t\t\t<\/div>\n\t\t<div class=\"elementor-element elementor-element-d5ed0f3 e-con-full elementor-hidden-tablet e-flex e-con e-parent\" data-id=\"d5ed0f3\" data-element_type=\"container\" data-e-type=\"container\" data-settings=\"{&quot;background_background&quot;:&quot;classic&quot;}\">\n\t\t\t\t<\/div>\n\t\t<div class=\"elementor-element elementor-element-3981261 e-con-full elementor-hidden-desktop elementor-hidden-mobile e-flex e-con e-parent\" data-id=\"3981261\" data-element_type=\"container\" data-e-type=\"container\" data-settings=\"{&quot;background_background&quot;:&quot;classic&quot;}\">\n\t\t\t\t<\/div>\n\t\t\t\t<\/div>\n\t\t","protected":false},"excerpt":{"rendered":"<p>Ich freue mich so sehr, dass ihr hier seid, und kann es kaum erwarten, eure Geschichte zu h\u00f6ren! Egal, ob ihr eine intime Mallorca- oder Toskana-Hochzeit, ein wildes Elopement auf Bali, eine urbane Feier in M\u00fcnchen oder ein entspanntes Shooting bei euch zu Hause plant \u2013 ich bin gespannt auf eure Pl\u00e4ne.Je mehr ich \u00fcber [&hellip;]<\/p>\n","protected":false},"author":2,"featured_media":0,"parent":0,"menu_order":0,"comment_status":"closed","ping_status":"closed","template":"","meta":{"_seopress_robots_primary_cat":"","_seopress_titles_title":"Kontakt | Alex Gerrard Photography | Hochzeitsfotografin M\u00fcnchen","_seopress_titles_desc":"Kontaktiert mich gerne f\u00fcr nat\u00fcrliche und zeitlose Hochzeitsfotos in M\u00fcnchen und international oder auch f\u00fcr lebendige Homestories","_seopress_robots_index":"","footnotes":""},"class_list":["post-7896","page","type-page","status-publish","hentry"],"_links":{"self":[{"href":"https:\/\/alex-gerrard.com\/de\/wp-json\/wp\/v2\/pages\/7896","targetHints":{"allow":["GET"]}}],"collection":[{"href":"https:\/\/alex-gerrard.com\/de\/wp-json\/wp\/v2\/pages"}],"about":[{"href":"https:\/\/alex-gerrard.com\/de\/wp-json\/wp\/v2\/types\/page"}],"author":[{"embeddable":true,"href":"https:\/\/alex-gerrard.com\/de\/wp-json\/wp\/v2\/users\/2"}],"replies":[{"embeddable":true,"href":"https:\/\/alex-gerrard.com\/de\/wp-json\/wp\/v2\/comments?post=7896"}],"version-history":[{"count":4,"href":"https:\/\/alex-gerrard.com\/de\/wp-json\/wp\/v2\/pages\/7896\/revisions"}],"predecessor-version":[{"id":8233,"href":"https:\/\/alex-gerrard.com\/de\/wp-json\/wp\/v2\/pages\/7896\/revisions\/8233"}],"wp:attachment":[{"href":"https:\/\/alex-gerrard.com\/de\/wp-json\/wp\/v2\/media?parent=7896"}],"curies":[{"name":"wp","href":"https:\/\/api.w.org\/{rel}","templated":true}]}}