{"id":7904,"date":"2026-03-23T23:28:45","date_gmt":"2026-03-23T22:28:45","guid":{"rendered":"https:\/\/alex-gerrard.com\/?page_id=7904"},"modified":"2026-03-27T15:48:44","modified_gmt":"2026-03-27T14:48:44","slug":"hochzeitsfotografin-muenchen","status":"publish","type":"page","link":"https:\/\/alex-gerrard.com\/de\/hochzeitsfotografin-muenchen\/","title":{"rendered":"Alex"},"content":{"rendered":"\t\t<div data-elementor-type=\"wp-page\" data-elementor-id=\"7904\" class=\"elementor elementor-7904\" data-elementor-post-type=\"page\">\n\t\t\t\t<div class=\"elementor-element elementor-element-6b99f8f8 e-flex e-con-boxed e-con e-parent\" data-id=\"6b99f8f8\" data-element_type=\"container\" data-e-type=\"container\" data-settings=\"{&quot;background_background&quot;:&quot;slideshow&quot;,&quot;background_slideshow_gallery&quot;:[{&quot;id&quot;:3867,&quot;url&quot;:&quot;https:\\\/\\\/alex-gerrard.com\\\/wp-content\\\/uploads\\\/2024\\\/01\\\/Header_Braut-auf-der-Strasse.jpg&quot;},{&quot;id&quot;:3862,&quot;url&quot;:&quot;https:\\\/\\\/alex-gerrard.com\\\/wp-content\\\/uploads\\\/2024\\\/01\\\/Header_Unterseiten_just-married.jpg&quot;}],&quot;background_slideshow_slide_duration&quot;:5000,&quot;background_slideshow_slide_transition&quot;:&quot;fade&quot;,&quot;background_slideshow_transition_duration&quot;:500}\">\n\t\t\t\t\t<div class=\"e-con-inner\">\n\t\t<div class=\"elementor-element elementor-element-55fa58f2 e-con-full e-flex e-con e-child\" data-id=\"55fa58f2\" data-element_type=\"container\" data-e-type=\"container\" data-settings=\"{&quot;background_background&quot;:&quot;slideshow&quot;,&quot;background_slideshow_gallery&quot;:[],&quot;background_slideshow_loop&quot;:&quot;yes&quot;,&quot;background_slideshow_slide_duration&quot;:5000,&quot;background_slideshow_slide_transition&quot;:&quot;fade&quot;,&quot;background_slideshow_transition_duration&quot;:500}\">\n\t\t\t\t<div class=\"elementor-element elementor-element-ac6a19f elementor-widget elementor-widget-image\" data-id=\"ac6a19f\" data-element_type=\"widget\" data-e-type=\"widget\" data-widget_type=\"image.default\">\n\t\t\t\t<div class=\"elementor-widget-container\">\n\t\t\t\t\t\t\t\t\t\t\t\t\t\t\t<img fetchpriority=\"high\" decoding=\"async\" width=\"800\" height=\"800\" src=\"https:\/\/alex-gerrard.com\/wp-content\/uploads\/2023\/04\/alex-gerrard-fotograf-hochzeit-muenchen-destination-wedding-photographer-portrait-001.jpg\" class=\"attachment-large size-large wp-image-8034\" alt=\"Hochzeitsfotografin M\u00fcnchen\" srcset=\"https:\/\/alex-gerrard.com\/wp-content\/uploads\/2023\/04\/alex-gerrard-fotograf-hochzeit-muenchen-destination-wedding-photographer-portrait-001.jpg 800w, https:\/\/alex-gerrard.com\/wp-content\/uploads\/2023\/04\/alex-gerrard-fotograf-hochzeit-muenchen-destination-wedding-photographer-portrait-001-300x300.jpg 300w, https:\/\/alex-gerrard.com\/wp-content\/uploads\/2023\/04\/alex-gerrard-fotograf-hochzeit-muenchen-destination-wedding-photographer-portrait-001-150x150.jpg 150w, https:\/\/alex-gerrard.com\/wp-content\/uploads\/2023\/04\/alex-gerrard-fotograf-hochzeit-muenchen-destination-wedding-photographer-portrait-001-768x768.jpg 768w\" sizes=\"(max-width: 800px) 100vw, 800px\" \/>\t\t\t\t\t\t\t\t\t\t\t\t\t\t\t<\/div>\n\t\t\t\t<\/div>\n\t\t\t\t<\/div>\n\t\t\t\t\t<\/div>\n\t\t\t\t<\/div>\n\t\t<div class=\"elementor-element elementor-element-3a6794e e-flex e-con-boxed e-con e-parent\" data-id=\"3a6794e\" data-element_type=\"container\" data-e-type=\"container\">\n\t\t\t\t\t<div class=\"e-con-inner\">\n\t\t\t\t<div class=\"elementor-element elementor-element-6c0ee4f elementor-widget-mobile__width-initial elementor-widget elementor-widget-heading\" data-id=\"6c0ee4f\" data-element_type=\"widget\" data-e-type=\"widget\" data-widget_type=\"heading.default\">\n\t\t\t\t<div class=\"elementor-widget-container\">\n\t\t\t\t\t<h1 class=\"elementor-heading-title elementor-size-default\">hi, ich bin alex<\/h1>\t\t\t\t<\/div>\n\t\t\t\t<\/div>\n\t\t\t\t\t<\/div>\n\t\t\t\t<\/div>\n\t\t<div class=\"elementor-element elementor-element-1c4b1a2 e-flex e-con-boxed e-con e-parent\" data-id=\"1c4b1a2\" data-element_type=\"container\" data-e-type=\"container\">\n\t\t\t\t\t<div class=\"e-con-inner\">\n\t\t\t\t<div class=\"elementor-element elementor-element-9943ac0 elementor-widget elementor-widget-text-editor\" data-id=\"9943ac0\" data-element_type=\"widget\" data-e-type=\"widget\" data-widget_type=\"text-editor.default\">\n\t\t\t\t<div class=\"elementor-widget-container\">\n\t\t\t\t\t\t\t\t\t<p data-start=\"105\" data-end=\"233\">Wie Erinnerungen sind auch Fotos unersetzlich. Sie bewahren Geschichten auf eine Weise, die Worte oft nicht ausdr\u00fccken k\u00f6nnen.<\/p><p data-start=\"235\" data-end=\"540\">Ich bin Hochzeitsfotografin mit Sitz in M\u00fcnchen und liebe ehrliche Momente, emotionale Geschichten und diese stillen Augenblicke, die oft mehr sagen als tausend Worte. Durch meine Kamera fange ich Liebe, Freude und Verbundenheit genau so ein, wie sie passieren \u2013 echt, ungestellt und voller Gef\u00fchl.<\/p><p data-start=\"542\" data-end=\"769\">Egal, ob es eine intime Hochzeit auf Mallorca, ein abenteuerliches Elopement in der Toskana, eine urbane Feier in M\u00fcnchen oder ein entspanntes Shooting zu Hause ist \u2013 ich helfe euch, euren Tag immer wieder neu zu erleben.<\/p><p data-start=\"771\" data-end=\"1020\">Ich agiere unbemerkt im Hintergrund und beobachte mit Einf\u00fchlungsverm\u00f6gen, bleibe aber gleichzeitig Teil des Moments. Wahre Sch\u00f6nheit liegt in Authentizit\u00e4t \u2013 ein z\u00e4rtlicher Blick, ein echtes Lachen oder ein ruhiger Moment zwischen zwei Menschen.<\/p><p data-start=\"1022\" data-end=\"1251\">Au\u00dferhalb von Hochzeiten bin ich Olivias Mama, Hundemama von Bailey und ein Reisefan aus Leidenschaft. Neue Kulturen zu entdecken inspiriert mich \u2013 genau deshalb haben Destination Weddings einen besonderen Platz in meiner Arbeit.<\/p><p data-start=\"1253\" data-end=\"1522\">Was mir am wichtigsten ist? Dass ihr euch vollkommen wohlf\u00fchlt und mir vertraut, euren Tag auf nat\u00fcrliche Weise einzufangen. Nur so entstehen Bilder, die intim, emotional und voller Tiefe sind \u2013 egal, ob bei einer gem\u00fctlichen Homestory oder einem wilden Hochzeitstag.<\/p><p data-start=\"1524\" data-end=\"1598\">Ich freue mich darauf, euch kennenzulernen und eure Geschichte zu h\u00f6ren!<\/p>\t\t\t\t\t\t\t\t<\/div>\n\t\t\t\t<\/div>\n\t\t\t\t<div class=\"elementor-element elementor-element-52b8cdde elementor-align-center elementor-widget elementor-widget-button\" data-id=\"52b8cdde\" data-element_type=\"widget\" data-e-type=\"widget\" data-widget_type=\"button.default\">\n\t\t\t\t<div class=\"elementor-widget-container\">\n\t\t\t\t\t\t\t\t\t<div class=\"elementor-button-wrapper\">\n\t\t\t\t\t<a class=\"elementor-button elementor-button-link elementor-size-sm\" href=\"https:\/\/alex-gerrard.com\/contact\/\">\n\t\t\t\t\t\t<span class=\"elementor-button-content-wrapper\">\n\t\t\t\t\t\t\t\t\t<span class=\"elementor-button-text\">Drop me a line!<\/span>\n\t\t\t\t\t<\/span>\n\t\t\t\t\t<\/a>\n\t\t\t\t<\/div>\n\t\t\t\t\t\t\t\t<\/div>\n\t\t\t\t<\/div>\n\t\t\t\t\t<\/div>\n\t\t\t\t<\/div>\n\t\t<div class=\"elementor-element elementor-element-1fba69d e-con-full e-flex e-con e-parent\" data-id=\"1fba69d\" data-element_type=\"container\" data-e-type=\"container\">\n\t\t\t\t<div class=\"elementor-element elementor-element-39ed0d25 elementor-skin-carousel elementor-arrows-yes elementor-widget elementor-widget-media-carousel\" data-id=\"39ed0d25\" data-element_type=\"widget\" data-e-type=\"widget\" data-settings=\"{&quot;slides_per_view&quot;:&quot;4&quot;,&quot;slides_per_view_tablet&quot;:&quot;3&quot;,&quot;slides_per_view_mobile&quot;:&quot;1&quot;,&quot;slides_to_scroll&quot;:&quot;1&quot;,&quot;skin&quot;:&quot;carousel&quot;,&quot;effect&quot;:&quot;slide&quot;,&quot;show_arrows&quot;:&quot;yes&quot;,&quot;speed&quot;:500,&quot;autoplay&quot;:&quot;yes&quot;,&quot;autoplay_speed&quot;:5000,&quot;loop&quot;:&quot;yes&quot;,&quot;pause_on_hover&quot;:&quot;yes&quot;,&quot;space_between&quot;:{&quot;unit&quot;:&quot;px&quot;,&quot;size&quot;:10,&quot;sizes&quot;:[]},&quot;space_between_tablet&quot;:{&quot;unit&quot;:&quot;px&quot;,&quot;size&quot;:10,&quot;sizes&quot;:[]},&quot;space_between_mobile&quot;:{&quot;unit&quot;:&quot;px&quot;,&quot;size&quot;:10,&quot;sizes&quot;:[]}}\" data-widget_type=\"media-carousel.default\">\n\t\t\t\t<div class=\"elementor-widget-container\">\n\t\t\t\t\t\t\t\t\t<div class=\"elementor-swiper\">\n\t\t\t\t\t<div class=\"elementor-main-swiper swiper\" role=\"region\" aria-roledescription=\"carousel\" aria-label=\"Slider\">\n\t\t\t\t<div class=\"swiper-wrapper\">\n\t\t\t\t\t\t\t\t\t\t\t<div class=\"swiper-slide\" role=\"group\" aria-roledescription=\"slide\">\n\t\t\t\t\t\t\t\t\t<div class=\"elementor-carousel-image\" role=\"img\" aria-label=\"alex gerrard photography_self portrait\" style=\"background-image: url(&#039;https:\/\/alex-gerrard.com\/wp-content\/uploads\/2025\/11\/alex-gerrard-photography_self-portrait.jpg&#039;)\">\n\n\t\t\t\n\t\t\t\t\t<\/div>\n\t\t\t\t\t\t\t\t<\/div>\n\t\t\t\t\t\t\t\t\t\t\t<div class=\"swiper-slide\" role=\"group\" aria-roledescription=\"slide\">\n\t\t\t\t\t\t\t\t\t<div class=\"elementor-carousel-image\" role=\"img\" aria-label=\"Hochzeitsfotografin Alex l\u00e4uft mit Kamera vorbei, fotografiert in blurred in SW\" style=\"background-image: url(&#039;https:\/\/alex-gerrard.com\/wp-content\/uploads\/2025\/11\/Hochzeitsfotografin_alex-gerrard_-2.jpg&#039;)\">\n\n\t\t\t\n\t\t\t\t\t<\/div>\n\t\t\t\t\t\t\t\t<\/div>\n\t\t\t\t\t\t\t\t\t\t\t<div class=\"swiper-slide\" role=\"group\" aria-roledescription=\"slide\">\n\t\t\t\t\t\t\t\t\t<div class=\"elementor-carousel-image\" role=\"img\" aria-label=\"alex-gerrard-fotograf-hochzeit-m\u00fcnchen-destination-wedding-photographer-portrait-005\" style=\"background-image: url(&#039;https:\/\/alex-gerrard.com\/wp-content\/uploads\/2023\/04\/alex-gerrard-fotograf-hochzeit-muenchen-destination-wedding-photographer-portrait-005.jpg&#039;)\">\n\n\t\t\t\n\t\t\t\t\t<\/div>\n\t\t\t\t\t\t\t\t<\/div>\n\t\t\t\t\t\t\t\t\t\t\t<div class=\"swiper-slide\" role=\"group\" aria-roledescription=\"slide\">\n\t\t\t\t\t\t\t\t\t<div class=\"elementor-carousel-image\" role=\"img\" aria-label=\"alex gerrard in action\" style=\"background-image: url(&#039;https:\/\/alex-gerrard.com\/wp-content\/uploads\/2025\/11\/alex-gerrard-in-action.jpg&#039;)\">\n\n\t\t\t\n\t\t\t\t\t<\/div>\n\t\t\t\t\t\t\t\t<\/div>\n\t\t\t\t\t\t\t\t\t\t\t<div class=\"swiper-slide\" role=\"group\" aria-roledescription=\"slide\">\n\t\t\t\t\t\t\t\t\t<div class=\"elementor-carousel-image\" role=\"img\" aria-label=\"alex-gerrard-fotograf-hochzeit-m\u00fcnchen-destination-wedding-photographer-portrait-006\" style=\"background-image: url(&#039;https:\/\/alex-gerrard.com\/wp-content\/uploads\/2023\/04\/alex-gerrard-fotograf-hochzeit-muenchen-destination-wedding-photographer-portrait-006.jpg&#039;)\">\n\n\t\t\t\n\t\t\t\t\t<\/div>\n\t\t\t\t\t\t\t\t<\/div>\n\t\t\t\t\t\t\t\t\t\t\t<div class=\"swiper-slide\" role=\"group\" aria-roledescription=\"slide\">\n\t\t\t\t\t\t\t\t\t<div class=\"elementor-carousel-image\" role=\"img\" aria-label=\"Alex_alexgerrardphotography_walking\" style=\"background-image: url(&#039;https:\/\/alex-gerrard.com\/wp-content\/uploads\/2025\/11\/Alex_alexgerrardphotography_walking.jpg&#039;)\">\n\n\t\t\t\n\t\t\t\t\t<\/div>\n\t\t\t\t\t\t\t\t<\/div>\n\t\t\t\t\t\t\t\t\t<\/div>\n\t\t\t\t\t\t\t\t\t\t\t\t\t\t\t<div class=\"elementor-swiper-button elementor-swiper-button-prev\" role=\"button\" tabindex=\"0\" aria-label=\"Voriger\">\n\t\t\t\t\t\t\t<i aria-hidden=\"true\" class=\"eicon-chevron-left\"><\/i>\t\t\t\t\t\t<\/div>\n\t\t\t\t\t\t<div class=\"elementor-swiper-button elementor-swiper-button-next\" role=\"button\" tabindex=\"0\" aria-label=\"N\u00e4chster\">\n\t\t\t\t\t\t\t<i aria-hidden=\"true\" class=\"eicon-chevron-right\"><\/i>\t\t\t\t\t\t<\/div>\n\t\t\t\t\t\t\t\t\t\t\t\t\t\t\t\t\t<\/div>\n\t\t\t\t<\/div>\n\t\t\t\t\t\t\t\t<\/div>\n\t\t\t\t<\/div>\n\t\t\t\t<\/div>\n\t\t<div class=\"elementor-element elementor-element-26dfe27 e-flex e-con-boxed e-con e-parent\" data-id=\"26dfe27\" data-element_type=\"container\" data-e-type=\"container\" data-settings=\"{&quot;background_background&quot;:&quot;classic&quot;}\">\n\t\t\t\t\t<div class=\"e-con-inner\">\n\t\t\t\t<div class=\"elementor-element elementor-element-0fbe4a7 elementor-align-center elementor-widget elementor-widget-button\" data-id=\"0fbe4a7\" data-element_type=\"widget\" data-e-type=\"widget\" data-widget_type=\"button.default\">\n\t\t\t\t<div class=\"elementor-widget-container\">\n\t\t\t\t\t\t\t\t\t<div class=\"elementor-button-wrapper\">\n\t\t\t\t\t<a class=\"elementor-button elementor-button-link elementor-size-sm\" href=\"https:\/\/alex-gerrard.com\/hochzeitsfotografin-mallorca\/#faq\" target=\"_blank\" id=\"alex\">\n\t\t\t\t\t\t<span class=\"elementor-button-content-wrapper\">\n\t\t\t\t\t\t\t\t\t<span class=\"elementor-button-text\">FAQs zum Thema Hochzeitsfotografie<\/span>\n\t\t\t\t\t<\/span>\n\t\t\t\t\t<\/a>\n\t\t\t\t<\/div>\n\t\t\t\t\t\t\t\t<\/div>\n\t\t\t\t<\/div>\n\t\t\t\t<div class=\"elementor-element elementor-element-cb6a1ca elementor-widget elementor-widget-heading\" data-id=\"cb6a1ca\" data-element_type=\"widget\" data-e-type=\"widget\" data-widget_type=\"heading.default\">\n\t\t\t\t<div class=\"elementor-widget-container\">\n\t\t\t\t\t<h3 class=\"elementor-heading-title elementor-size-default\">\u201cAlex just knows how to read people and what they want. She undoubtedly loves photography and has a natural flair and talent. Absolutely love how she reads the light and brings photos to life.\u201d<\/h3>\t\t\t\t<\/div>\n\t\t\t\t<\/div>\n\t\t\t\t<div class=\"elementor-element elementor-element-7b38043 elementor-widget elementor-widget-heading\" data-id=\"7b38043\" data-element_type=\"widget\" data-e-type=\"widget\" data-widget_type=\"heading.default\">\n\t\t\t\t<div class=\"elementor-widget-container\">\n\t\t\t\t\t<h2 class=\"elementor-heading-title elementor-size-default\">\u2013 Penny King<\/h2>\t\t\t\t<\/div>\n\t\t\t\t<\/div>\n\t\t\t\t<div class=\"elementor-element elementor-element-660a175 elementor-widget elementor-widget-heading\" data-id=\"660a175\" data-element_type=\"widget\" data-e-type=\"widget\" data-widget_type=\"heading.default\">\n\t\t\t\t<div class=\"elementor-widget-container\">\n\t\t\t\t\t<h3 class=\"elementor-heading-title elementor-size-default\">\"Alex is a very special person and I am feel so blessed to have had her with us on our wedding day in Sri Lanka. She took the time to get to know us and the people around us while she was taking photos. She has been able to capture us and our friends and family in a light that reflects who we are as people in a fun and non-invasive way which was very much appreciated all round. On the big day and after I had so many people comment on how incredible she was.\nA highlight for me was her learning about the history of a very old, beaten up tin of perfume I was wearing on the day (which I had deemed too ugly to photograph because of the state it was in!). She insisted that it was a part of our relationship's history that needed to be captured, and created some beautiful photos of it for us. The level of personalisation Alex brought to our photos and our day is unmatched.\nI would not hesitate in recommending Alex for any occasion, she was an absolute asset to our day.\"<\/h3>\t\t\t\t<\/div>\n\t\t\t\t<\/div>\n\t\t\t\t<div class=\"elementor-element elementor-element-616ccdd elementor-widget elementor-widget-heading\" data-id=\"616ccdd\" data-element_type=\"widget\" data-e-type=\"widget\" data-widget_type=\"heading.default\">\n\t\t\t\t<div class=\"elementor-widget-container\">\n\t\t\t\t\t<h2 class=\"elementor-heading-title elementor-size-default\">\u2013 Jasmine &amp; Darragh<\/h2>\t\t\t\t<\/div>\n\t\t\t\t<\/div>\n\t\t\t\t\t<\/div>\n\t\t\t\t<\/div>\n\t\t<div class=\"elementor-element elementor-element-f467681 e-con-full e-flex e-con e-parent\" data-id=\"f467681\" data-element_type=\"container\" data-e-type=\"container\" data-settings=\"{&quot;background_background&quot;:&quot;classic&quot;}\">\n\t\t\t\t<\/div>\n\t\t<div class=\"elementor-element elementor-element-a2c8ac7 e-flex e-con-boxed e-con e-parent\" data-id=\"a2c8ac7\" data-element_type=\"container\" data-e-type=\"container\">\n\t\t\t\t\t<div class=\"e-con-inner\">\n\t\t\t\t\t<\/div>\n\t\t\t\t<\/div>\n\t\t\t\t<\/div>\n\t\t","protected":false},"excerpt":{"rendered":"<p>hi, ich bin alex Wie Erinnerungen sind auch Fotos unersetzlich. Sie bewahren Geschichten auf eine Weise, die Worte oft nicht ausdr\u00fccken k\u00f6nnen. Ich bin Hochzeitsfotografin mit Sitz in M\u00fcnchen und liebe ehrliche Momente, emotionale Geschichten und diese stillen Augenblicke, die oft mehr sagen als tausend Worte. Durch meine Kamera fange ich Liebe, Freude und Verbundenheit [&hellip;]<\/p>\n","protected":false},"author":2,"featured_media":0,"parent":0,"menu_order":0,"comment_status":"closed","ping_status":"closed","template":"","meta":{"_seopress_robots_primary_cat":"","_seopress_titles_title":"Alex Gerrard \u2013 Destination Wedding Fotografin in Europa","_seopress_titles_desc":"Lernt Alex Gerrard kennen, eine Hochzeitsfotografin, die nat\u00fcrliche, ungestellte Momente einf\u00e4ngt \u2013 f\u00fcr Paare, die an ihrem Hochzeitstag ganz sie selbst sein wollen.","_seopress_robots_index":"","footnotes":""},"class_list":["post-7904","page","type-page","status-publish","hentry"],"_links":{"self":[{"href":"https:\/\/alex-gerrard.com\/de\/wp-json\/wp\/v2\/pages\/7904","targetHints":{"allow":["GET"]}}],"collection":[{"href":"https:\/\/alex-gerrard.com\/de\/wp-json\/wp\/v2\/pages"}],"about":[{"href":"https:\/\/alex-gerrard.com\/de\/wp-json\/wp\/v2\/types\/page"}],"author":[{"embeddable":true,"href":"https:\/\/alex-gerrard.com\/de\/wp-json\/wp\/v2\/users\/2"}],"replies":[{"embeddable":true,"href":"https:\/\/alex-gerrard.com\/de\/wp-json\/wp\/v2\/comments?post=7904"}],"version-history":[{"count":9,"href":"https:\/\/alex-gerrard.com\/de\/wp-json\/wp\/v2\/pages\/7904\/revisions"}],"predecessor-version":[{"id":8176,"href":"https:\/\/alex-gerrard.com\/de\/wp-json\/wp\/v2\/pages\/7904\/revisions\/8176"}],"wp:attachment":[{"href":"https:\/\/alex-gerrard.com\/de\/wp-json\/wp\/v2\/media?parent=7904"}],"curies":[{"name":"wp","href":"https:\/\/api.w.org\/{rel}","templated":true}]}}