{"id":7910,"date":"2026-03-28T17:32:32","date_gmt":"2026-03-28T16:32:32","guid":{"rendered":"https:\/\/alex-gerrard.com\/?page_id=7910"},"modified":"2026-03-30T11:40:28","modified_gmt":"2026-03-30T09:40:28","slug":"portfolio","status":"publish","type":"page","link":"https:\/\/alex-gerrard.com\/de\/portfolio\/","title":{"rendered":"Portfolio"},"content":{"rendered":"\t\t<div data-elementor-type=\"wp-page\" data-elementor-id=\"7910\" class=\"elementor elementor-7910\" data-elementor-post-type=\"page\">\n\t\t\t\t<div class=\"elementor-element elementor-element-353c66a4 e-con-full e-flex e-con e-parent\" data-id=\"353c66a4\" data-element_type=\"container\" data-e-type=\"container\" data-settings=\"{&quot;background_background&quot;:&quot;classic&quot;}\">\n\t\t\t\t<\/div>\n\t\t<div class=\"elementor-element elementor-element-51af843 e-flex e-con-boxed e-con e-parent\" data-id=\"51af843\" data-element_type=\"container\" data-e-type=\"container\">\n\t\t\t\t\t<div class=\"e-con-inner\">\n\t\t\t\t<div class=\"elementor-element elementor-element-2bd4922 elementor-widget elementor-widget-heading\" data-id=\"2bd4922\" data-element_type=\"widget\" data-e-type=\"widget\" data-widget_type=\"heading.default\">\n\t\t\t\t<div class=\"elementor-widget-container\">\n\t\t\t\t\t<h1 class=\"elementor-heading-title elementor-size-default\">Authentische Hochzeitsgeschichten &amp; Inspirationen<\/h1>\t\t\t\t<\/div>\n\t\t\t\t<\/div>\n\t\t\t\t\t<\/div>\n\t\t\t\t<\/div>\n\t\t<div class=\"elementor-element elementor-element-c7b5258 e-flex e-con-boxed e-con e-parent\" data-id=\"c7b5258\" data-element_type=\"container\" data-e-type=\"container\">\n\t\t\t\t\t<div class=\"e-con-inner\">\n\t\t\t\t<div class=\"elementor-element elementor-element-3f75841 elementor-widget elementor-widget-text-editor\" data-id=\"3f75841\" data-element_type=\"widget\" data-e-type=\"widget\" data-widget_type=\"text-editor.default\">\n\t\t\t\t<div class=\"elementor-widget-container\">\n\t\t\t\t\t\t\t\t\t<p data-start=\"193\" data-end=\"365\">Hier findet ihr echte Hochzeiten, Destination Weddings und Inspirationen von traumhaften Orten wie Mallorca, S\u00fcdtirol, Lanzarote, M\u00fcnchen und mehr.<\/p><p data-start=\"367\" data-end=\"508\">Ich bin Hochzeitsfotografin aus M\u00fcnchen und halte nat\u00fcrliche, ungestellte und emotionale Hochzeiten in Deutschland und ganz Europa fest.<\/p><p data-start=\"510\" data-end=\"740\">St\u00f6bert durch die Geschichten, lasst euch inspirieren und entdeckt hilfreiche Tipps rund um eure Hochzeitsplanung, die Wahl der richtigen Fotografin und wie ihr authentische Momente statt perfekter Posen in euren Tag integriert.<\/p><p data-start=\"742\" data-end=\"940\">Ob Galerien ganzer Hochzeitstage oder Blogbeitr\u00e4ge mit Ideen und Ratschl\u00e4gen \u2013 hier findet ihr alles, um die Sch\u00f6nheit, Emotion und Einzigartigkeit eurer eigenen Hochzeit zu planen und zu erleben.<\/p>\t\t\t\t\t\t\t\t<\/div>\n\t\t\t\t<\/div>\n\t\t\t\t<div class=\"elementor-element elementor-element-3b91e4e uael-equal__height-yes uael-posts-thumbnail-ratio elementor-widget elementor-widget-uael-posts\" data-id=\"3b91e4e\" data-element_type=\"widget\" data-e-type=\"widget\" data-settings=\"{&quot;classic_slides_to_show&quot;:3,&quot;classic_slides_to_show_tablet&quot;:2,&quot;classic_slides_to_show_mobile&quot;:1}\" data-widget_type=\"uael-posts.classic\">\n\t\t\t\t<div class=\"elementor-widget-container\">\n\t\t\t\t\t\t\t<div class=\"uael-post__header\">\n\t\t\t\t\t<\/div>\n\t\t<div class=\"uael-post__body\">\n\t\t\t\n\t\t\n\t\t<div class=\"uael-blog-terms-position- uael-post-image-top uael-post-grid uael-posts\" data-query-type=\"custom\" data-structure=\"normal\" data-layout=\"\" data-page=\"7910\" data-skin=\"classic\" data-filter-default=\"\" data-offset-top=\"30\" >\n\n\t\t\t\t\t\t\t<div class=\"uael-post-grid__inner uael-post__columns-3 uael-post__columns-tablet-2 uael-post__columns-mobile-1 uael-post-infinite-scroll uael-post-infinite__event-scroll\">\n\t\t\t\n<div class=\"uael-post-wrapper   wedding \">\n\t<div class=\"uael-post__bg-wrap uael-bg-wrap-disabled \">\n\n\t\t\t\t\n\t\t<div class=\"uael-post__inner-wrap uael-inner-wrap-disabled\">\n\n\t\t\t\t<div class=\"uael-post__thumbnail\">\n\t\t\t\n\t\t\t<a href=\"https:\/\/alex-gerrard.com\/de\/was-bedeutet-es-eine-destination-wedding-fotografin-zu-sein\/\" target=\"_self\" title=\"Was bedeutet es, eine Destination Wedding Fotografin zu sein?\"><img fetchpriority=\"high\" decoding=\"async\" width=\"1536\" height=\"1024\" src=\"https:\/\/alex-gerrard.com\/wp-content\/uploads\/2024\/05\/Header-Blogbeitraege_Destination-Wedding-1536x1024.jpg\" class=\"attachment-1536x1536 size-1536x1536 wp-image-6006\" alt=\"Brautpaar l\u00e4uft Hand-in-Hand am Strand entlang\" srcset=\"https:\/\/alex-gerrard.com\/wp-content\/uploads\/2024\/05\/Header-Blogbeitraege_Destination-Wedding-1536x1024.jpg 1536w, https:\/\/alex-gerrard.com\/wp-content\/uploads\/2024\/05\/Header-Blogbeitraege_Destination-Wedding-300x200.jpg 300w, https:\/\/alex-gerrard.com\/wp-content\/uploads\/2024\/05\/Header-Blogbeitraege_Destination-Wedding-1024x683.jpg 1024w, https:\/\/alex-gerrard.com\/wp-content\/uploads\/2024\/05\/Header-Blogbeitraege_Destination-Wedding-768x512.jpg 768w, https:\/\/alex-gerrard.com\/wp-content\/uploads\/2024\/05\/Header-Blogbeitraege_Destination-Wedding.jpg 1920w\" sizes=\"(max-width: 1536px) 100vw, 1536px\" \/><\/a>\n\t\t\t\t\t<\/div>\n\t\t\n\t\t\t\n\t\t\t<div class=\"uael-post__content-wrap uael-content-wrap-disabled\">\n\t\t\t\t\t<h3 class=\"uael-post__title\">\n\n\t\t\n\t\t\t\t\t\t<a href=\"https:\/\/alex-gerrard.com\/de\/was-bedeutet-es-eine-destination-wedding-fotografin-zu-sein\/\" target=\"_self\">\n\t\t\t\tWas bedeutet es, eine Destination Wedding Fotografin zu sein?\t\t\t<\/a>\n\n\t\t\t\t<\/h3>\n\t\t\t\t\t<\/div>\n\t\t\t\n\t\t<\/div>\n\t\t\n\t<\/div>\n\n<\/div>\n\n<div class=\"uael-post-wrapper   wedding \">\n\t<div class=\"uael-post__bg-wrap uael-bg-wrap-disabled \">\n\n\t\t\t\t\n\t\t<div class=\"uael-post__inner-wrap uael-inner-wrap-disabled\">\n\n\t\t\t\t<div class=\"uael-post__thumbnail\">\n\t\t\t\n\t\t\t<a href=\"https:\/\/alex-gerrard.com\/de\/5-gruende-fuer-eine-destination-wedding-fotografin\/\" target=\"_self\" title=\"5 Gr\u00fcnde, warum ihr euch f\u00fcr eine Destination Wedding Fotografin entscheiden solltet\"><img decoding=\"async\" width=\"1536\" height=\"1024\" src=\"https:\/\/alex-gerrard.com\/wp-content\/uploads\/2025\/08\/Header-5-reasons-Haende-1536x1024.jpg\" class=\"attachment-1536x1536 size-1536x1536 wp-image-8436\" alt=\"\" srcset=\"https:\/\/alex-gerrard.com\/wp-content\/uploads\/2025\/08\/Header-5-reasons-Haende-1536x1024.jpg 1536w, https:\/\/alex-gerrard.com\/wp-content\/uploads\/2025\/08\/Header-5-reasons-Haende-300x200.jpg 300w, https:\/\/alex-gerrard.com\/wp-content\/uploads\/2025\/08\/Header-5-reasons-Haende-1024x683.jpg 1024w, https:\/\/alex-gerrard.com\/wp-content\/uploads\/2025\/08\/Header-5-reasons-Haende-768x512.jpg 768w, https:\/\/alex-gerrard.com\/wp-content\/uploads\/2025\/08\/Header-5-reasons-Haende.jpg 1920w\" sizes=\"(max-width: 1536px) 100vw, 1536px\" \/><\/a>\n\t\t\t\t\t<\/div>\n\t\t\n\t\t\t\n\t\t\t<div class=\"uael-post__content-wrap uael-content-wrap-disabled\">\n\t\t\t\t\t<h3 class=\"uael-post__title\">\n\n\t\t\n\t\t\t\t\t\t<a href=\"https:\/\/alex-gerrard.com\/de\/5-gruende-fuer-eine-destination-wedding-fotografin\/\" target=\"_self\">\n\t\t\t\t5 Gr\u00fcnde, warum ihr euch f\u00fcr eine Destination Wedding Fotografin entscheiden solltet\t\t\t<\/a>\n\n\t\t\t\t<\/h3>\n\t\t\t\t\t<\/div>\n\t\t\t\n\t\t<\/div>\n\t\t\n\t<\/div>\n\n<\/div>\n\n<div class=\"uael-post-wrapper   wedding \">\n\t<div class=\"uael-post__bg-wrap uael-bg-wrap-disabled \">\n\n\t\t\t\t\n\t\t<div class=\"uael-post__inner-wrap uael-inner-wrap-disabled\">\n\n\t\t\t\t<div class=\"uael-post__thumbnail\">\n\t\t\t\n\t\t\t<a href=\"https:\/\/alex-gerrard.com\/de\/destination-wedding-sri-lanka\/\" target=\"_self\" title=\"Destination Wedding Sri Lanka &#8211; Jasmine &#038; Darragh\"><img decoding=\"async\" width=\"1536\" height=\"1024\" src=\"https:\/\/alex-gerrard.com\/wp-content\/uploads\/2025\/03\/Sri-Lanka-Beach-Wedding-1-1536x1024.jpg\" class=\"attachment-1536x1536 size-1536x1536 wp-image-8549\" alt=\"\" srcset=\"https:\/\/alex-gerrard.com\/wp-content\/uploads\/2025\/03\/Sri-Lanka-Beach-Wedding-1-1536x1024.jpg 1536w, https:\/\/alex-gerrard.com\/wp-content\/uploads\/2025\/03\/Sri-Lanka-Beach-Wedding-1-300x200.jpg 300w, https:\/\/alex-gerrard.com\/wp-content\/uploads\/2025\/03\/Sri-Lanka-Beach-Wedding-1-1024x683.jpg 1024w, https:\/\/alex-gerrard.com\/wp-content\/uploads\/2025\/03\/Sri-Lanka-Beach-Wedding-1-768x512.jpg 768w, https:\/\/alex-gerrard.com\/wp-content\/uploads\/2025\/03\/Sri-Lanka-Beach-Wedding-1.jpg 1920w\" sizes=\"(max-width: 1536px) 100vw, 1536px\" \/><\/a>\n\t\t\t\t\t<\/div>\n\t\t\n\t\t\t\n\t\t\t<div class=\"uael-post__content-wrap uael-content-wrap-disabled\">\n\t\t\t\t\t<h3 class=\"uael-post__title\">\n\n\t\t\n\t\t\t\t\t\t<a href=\"https:\/\/alex-gerrard.com\/de\/destination-wedding-sri-lanka\/\" target=\"_self\">\n\t\t\t\tDestination Wedding Sri Lanka &#8211; Jasmine &#038; Darragh\t\t\t<\/a>\n\n\t\t\t\t<\/h3>\n\t\t\t\t\t<\/div>\n\t\t\t\n\t\t<\/div>\n\t\t\n\t<\/div>\n\n<\/div>\n\n<div class=\"uael-post-wrapper   wedding \">\n\t<div class=\"uael-post__bg-wrap uael-bg-wrap-disabled \">\n\n\t\t\t\t\n\t\t<div class=\"uael-post__inner-wrap uael-inner-wrap-disabled\">\n\n\t\t\t\t<div class=\"uael-post__thumbnail\">\n\t\t\t\n\t\t\t<a href=\"https:\/\/alex-gerrard.com\/de\/destination-wedding-in-suedtirol-hochzeit-auf-schloss-wangen-bellermont-bei-bozen\/\" target=\"_self\" title=\"Destination Wedding in S\u00fcdtirol \u2013 Hochzeit auf Schloss Wangen Bellermont bei Bozen\"><img loading=\"lazy\" decoding=\"async\" width=\"1536\" height=\"1024\" src=\"https:\/\/alex-gerrard.com\/wp-content\/uploads\/2026\/02\/Header-Blogbeitrag-Destination-Wedding-Bozen-1536x1024.jpg\" class=\"attachment-1536x1536 size-1536x1536 wp-image-8374\" alt=\"Schwarz-Wei\u00df-Foto Detail von Brautpaar, das Hand-in-Hand spazieren geht\" srcset=\"https:\/\/alex-gerrard.com\/wp-content\/uploads\/2026\/02\/Header-Blogbeitrag-Destination-Wedding-Bozen-1536x1024.jpg 1536w, https:\/\/alex-gerrard.com\/wp-content\/uploads\/2026\/02\/Header-Blogbeitrag-Destination-Wedding-Bozen-300x200.jpg 300w, https:\/\/alex-gerrard.com\/wp-content\/uploads\/2026\/02\/Header-Blogbeitrag-Destination-Wedding-Bozen-1024x683.jpg 1024w, https:\/\/alex-gerrard.com\/wp-content\/uploads\/2026\/02\/Header-Blogbeitrag-Destination-Wedding-Bozen-768x512.jpg 768w, https:\/\/alex-gerrard.com\/wp-content\/uploads\/2026\/02\/Header-Blogbeitrag-Destination-Wedding-Bozen.jpg 1920w\" sizes=\"(max-width: 1536px) 100vw, 1536px\" \/><\/a>\n\t\t\t\t\t<\/div>\n\t\t\n\t\t\t\n\t\t\t<div class=\"uael-post__content-wrap uael-content-wrap-disabled\">\n\t\t\t\t\t<h3 class=\"uael-post__title\">\n\n\t\t\n\t\t\t\t\t\t<a href=\"https:\/\/alex-gerrard.com\/de\/destination-wedding-in-suedtirol-hochzeit-auf-schloss-wangen-bellermont-bei-bozen\/\" target=\"_self\">\n\t\t\t\tDestination Wedding in S\u00fcdtirol \u2013 Hochzeit auf Schloss Wangen Bellermont bei Bozen\t\t\t<\/a>\n\n\t\t\t\t<\/h3>\n\t\t\t\t\t<\/div>\n\t\t\t\n\t\t<\/div>\n\t\t\n\t<\/div>\n\n<\/div>\n\n<div class=\"uael-post-wrapper   wedding \">\n\t<div class=\"uael-post__bg-wrap uael-bg-wrap-disabled \">\n\n\t\t\t\t\n\t\t<div class=\"uael-post__inner-wrap uael-inner-wrap-disabled\">\n\n\t\t\t\t<div class=\"uael-post__thumbnail\">\n\t\t\t\n\t\t\t<a href=\"https:\/\/alex-gerrard.com\/de\/authentische-hochzeitsfotos\/\" target=\"_self\" title=\"Authentisch anstatt perfekt\"><img loading=\"lazy\" decoding=\"async\" width=\"1536\" height=\"1225\" src=\"https:\/\/alex-gerrard.com\/wp-content\/uploads\/2024\/05\/alex_Hochzeitsfotografin_authentische-Fotos-1536x1225.jpg\" class=\"attachment-1536x1536 size-1536x1536 wp-image-8634\" alt=\"\" srcset=\"https:\/\/alex-gerrard.com\/wp-content\/uploads\/2024\/05\/alex_Hochzeitsfotografin_authentische-Fotos-1536x1225.jpg 1536w, https:\/\/alex-gerrard.com\/wp-content\/uploads\/2024\/05\/alex_Hochzeitsfotografin_authentische-Fotos-300x239.jpg 300w, https:\/\/alex-gerrard.com\/wp-content\/uploads\/2024\/05\/alex_Hochzeitsfotografin_authentische-Fotos-1024x817.jpg 1024w, https:\/\/alex-gerrard.com\/wp-content\/uploads\/2024\/05\/alex_Hochzeitsfotografin_authentische-Fotos-768x612.jpg 768w, https:\/\/alex-gerrard.com\/wp-content\/uploads\/2024\/05\/alex_Hochzeitsfotografin_authentische-Fotos.jpg 1600w\" sizes=\"(max-width: 1536px) 100vw, 1536px\" \/><\/a>\n\t\t\t\t\t<\/div>\n\t\t\n\t\t\t\n\t\t\t<div class=\"uael-post__content-wrap uael-content-wrap-disabled\">\n\t\t\t\t\t<h3 class=\"uael-post__title\">\n\n\t\t\n\t\t\t\t\t\t<a href=\"https:\/\/alex-gerrard.com\/de\/authentische-hochzeitsfotos\/\" target=\"_self\">\n\t\t\t\tAuthentisch anstatt perfekt\t\t\t<\/a>\n\n\t\t\t\t<\/h3>\n\t\t\t\t\t<\/div>\n\t\t\t\n\t\t<\/div>\n\t\t\n\t<\/div>\n\n<\/div>\n\n<div class=\"uael-post-wrapper   wedding \">\n\t<div class=\"uael-post__bg-wrap uael-bg-wrap-disabled \">\n\n\t\t\t\t\n\t\t<div class=\"uael-post__inner-wrap uael-inner-wrap-disabled\">\n\n\t\t\t\t<div class=\"uael-post__thumbnail\">\n\t\t\t\n\t\t\t<a href=\"https:\/\/alex-gerrard.com\/de\/destination-wedding-vulkanlandschaft-lanzarote\/\" target=\"_self\" title=\"Lanzarote Hochzeit &#8211; Freie Trauung, Desert Style &#8211; Anni &#038; Nils\"><img loading=\"lazy\" decoding=\"async\" width=\"1536\" height=\"1024\" src=\"https:\/\/alex-gerrard.com\/wp-content\/uploads\/2024\/10\/Destination-Photography-Micro-Wedding-1536x1024.jpg\" class=\"attachment-1536x1536 size-1536x1536 wp-image-8615\" alt=\"Brautpaar geht in der Ferne vor einer sch\u00f6nen Bergkulisse spazieren\" srcset=\"https:\/\/alex-gerrard.com\/wp-content\/uploads\/2024\/10\/Destination-Photography-Micro-Wedding-1536x1024.jpg 1536w, https:\/\/alex-gerrard.com\/wp-content\/uploads\/2024\/10\/Destination-Photography-Micro-Wedding-300x200.jpg 300w, https:\/\/alex-gerrard.com\/wp-content\/uploads\/2024\/10\/Destination-Photography-Micro-Wedding-1024x683.jpg 1024w, https:\/\/alex-gerrard.com\/wp-content\/uploads\/2024\/10\/Destination-Photography-Micro-Wedding-768x512.jpg 768w, https:\/\/alex-gerrard.com\/wp-content\/uploads\/2024\/10\/Destination-Photography-Micro-Wedding.jpg 1920w\" sizes=\"(max-width: 1536px) 100vw, 1536px\" \/><\/a>\n\t\t\t\t\t<\/div>\n\t\t\n\t\t\t\n\t\t\t<div class=\"uael-post__content-wrap uael-content-wrap-disabled\">\n\t\t\t\t\t<h3 class=\"uael-post__title\">\n\n\t\t\n\t\t\t\t\t\t<a href=\"https:\/\/alex-gerrard.com\/de\/destination-wedding-vulkanlandschaft-lanzarote\/\" target=\"_self\">\n\t\t\t\tLanzarote Hochzeit &#8211; Freie Trauung, Desert Style &#8211; Anni &#038; Nils\t\t\t<\/a>\n\n\t\t\t\t<\/h3>\n\t\t\t\t\t<\/div>\n\t\t\t\n\t\t<\/div>\n\t\t\n\t<\/div>\n\n<\/div>\n\t\t\t\t<\/div>\n\t\t\t\t\t\t<div class=\"uael-post-inf-loader\">\n\t\t\t\t<div class=\"uael-post-loader-1\"><\/div>\n\t\t\t\t<div class=\"uael-post-loader-2\"><\/div>\n\t\t\t\t<div class=\"uael-post-loader-3\"><\/div>\n\t\t\t<\/div>\n\t\t\t\t\t\t\n\t\t<\/div>\n\n\t\t\t\t\t\t<\/div>\n\t\t<div class=\"uael-post__footer\">\n\t\t\t\t\t\t<nav class=\"uael-grid-pagination\" style=\"display:none;\" role=\"navigation\" aria-label=\"Paginierung\" data-total=\"4\" data-next-page=\"2\">\n\t\t\t\t\t\t\t<\/nav>\n\t\t\t\t\t<\/div>\n\t\t\t\t\t\t<\/div>\n\t\t\t\t<\/div>\n\t\t\t\t\t<\/div>\n\t\t\t\t<\/div>\n\t\t\t\t<\/div>\n\t\t","protected":false},"excerpt":{"rendered":"<p>Authentische Hochzeitsgeschichten &amp; Inspirationen Hier findet ihr echte Hochzeiten, Destination Weddings und Inspirationen von traumhaften Orten wie Mallorca, S\u00fcdtirol, Lanzarote, M\u00fcnchen und mehr. Ich bin Hochzeitsfotografin aus M\u00fcnchen und halte nat\u00fcrliche, ungestellte und emotionale Hochzeiten in Deutschland und ganz Europa fest. St\u00f6bert durch die Geschichten, lasst euch inspirieren und entdeckt hilfreiche Tipps rund um eure [&hellip;]<\/p>\n","protected":false},"author":2,"featured_media":0,"parent":0,"menu_order":0,"comment_status":"closed","ping_status":"closed","template":"","meta":{"_seopress_robots_primary_cat":"","_seopress_titles_title":"Hochzeitsfotografin Portfolio \u2013 Destination, M\u00fcnchen & Preweddings | Alex Gerrard","_seopress_titles_desc":"Entdeckt das Portfolio von Alex Gerrard \u2013 nat\u00fcrliche, ungestellte und emotionale Hochzeitsfotografie. Echte Liebesgeschichten und authentische Momente aus M\u00fcnchen und weltweit.","_seopress_robots_index":"","footnotes":""},"class_list":["post-7910","page","type-page","status-publish","hentry"],"_links":{"self":[{"href":"https:\/\/alex-gerrard.com\/de\/wp-json\/wp\/v2\/pages\/7910","targetHints":{"allow":["GET"]}}],"collection":[{"href":"https:\/\/alex-gerrard.com\/de\/wp-json\/wp\/v2\/pages"}],"about":[{"href":"https:\/\/alex-gerrard.com\/de\/wp-json\/wp\/v2\/types\/page"}],"author":[{"embeddable":true,"href":"https:\/\/alex-gerrard.com\/de\/wp-json\/wp\/v2\/users\/2"}],"replies":[{"embeddable":true,"href":"https:\/\/alex-gerrard.com\/de\/wp-json\/wp\/v2\/comments?post=7910"}],"version-history":[{"count":10,"href":"https:\/\/alex-gerrard.com\/de\/wp-json\/wp\/v2\/pages\/7910\/revisions"}],"predecessor-version":[{"id":8469,"href":"https:\/\/alex-gerrard.com\/de\/wp-json\/wp\/v2\/pages\/7910\/revisions\/8469"}],"wp:attachment":[{"href":"https:\/\/alex-gerrard.com\/de\/wp-json\/wp\/v2\/media?parent=7910"}],"curies":[{"name":"wp","href":"https:\/\/api.w.org\/{rel}","templated":true}]}}